{"id":5530,"date":"2026-01-20T11:49:07","date_gmt":"2026-01-20T11:49:07","guid":{"rendered":"https:\/\/aurafundacio.org\/gloria-canals\/"},"modified":"2026-01-21T08:38:03","modified_gmt":"2026-01-21T08:38:03","slug":"gloria-canals","status":"publish","type":"page","link":"https:\/\/aurafundacio.org\/es\/gloria-canals\/","title":{"rendered":"Gl\u00f2ria Canals"},"content":{"rendered":"\t\t<div data-elementor-type=\"wp-page\" data-elementor-id=\"5530\" class=\"elementor elementor-5530 elementor-5425\" data-elementor-post-type=\"page\">\n\t\t\t\t\t\t<section class=\"elementor-section elementor-top-section elementor-element elementor-element-e968791 elementor-section-boxed elementor-section-height-default elementor-section-height-default\" data-id=\"e968791\" data-element_type=\"section\" data-e-type=\"section\">\n\t\t\t\t\t\t<div class=\"elementor-container elementor-column-gap-default\">\n\t\t\t\t\t<div class=\"elementor-column elementor-col-50 elementor-top-column elementor-element elementor-element-708620c\" data-id=\"708620c\" data-element_type=\"column\" data-e-type=\"column\">\n\t\t\t<div class=\"elementor-widget-wrap elementor-element-populated\">\n\t\t\t\t\t\t<div class=\"elementor-element elementor-element-818dd3e elementor-widget elementor-widget-image\" data-id=\"818dd3e\" data-element_type=\"widget\" data-e-type=\"widget\" data-widget_type=\"image.default\">\n\t\t\t\t<div class=\"elementor-widget-container\">\n\t\t\t\t\t\t\t\t\t\t\t\t\t\t\t<img fetchpriority=\"high\" decoding=\"async\" width=\"800\" height=\"534\" src=\"https:\/\/aurafundacio.org\/wp-content\/uploads\/2026\/01\/GLORIA-CANALS-catalana-ilustre-1024x683.jpg\" class=\"attachment-large size-large wp-image-5457\" alt=\"\" srcset=\"https:\/\/aurafundacio.org\/wp-content\/uploads\/2026\/01\/GLORIA-CANALS-catalana-ilustre-1024x683.jpg 1024w, https:\/\/aurafundacio.org\/wp-content\/uploads\/2026\/01\/GLORIA-CANALS-catalana-ilustre-300x200.jpg 300w, https:\/\/aurafundacio.org\/wp-content\/uploads\/2026\/01\/GLORIA-CANALS-catalana-ilustre-768x512.jpg 768w, https:\/\/aurafundacio.org\/wp-content\/uploads\/2026\/01\/GLORIA-CANALS-catalana-ilustre-1536x1024.jpg 1536w, https:\/\/aurafundacio.org\/wp-content\/uploads\/2026\/01\/GLORIA-CANALS-catalana-ilustre-2048x1365.jpg 2048w\" sizes=\"(max-width: 800px) 100vw, 800px\" \/>\t\t\t\t\t\t\t\t\t\t\t\t\t\t\t<\/div>\n\t\t\t\t<\/div>\n\t\t\t\t<div class=\"elementor-element elementor-element-17b9e07 elementor-widget elementor-widget-image\" data-id=\"17b9e07\" data-element_type=\"widget\" data-e-type=\"widget\" data-widget_type=\"image.default\">\n\t\t\t\t<div class=\"elementor-widget-container\">\n\t\t\t\t\t\t\t\t\t\t\t\t\t\t\t<img decoding=\"async\" width=\"800\" height=\"534\" src=\"https:\/\/aurafundacio.org\/wp-content\/uploads\/2026\/01\/entrega-de-les-medalles-dhonor-de-la-ciutat_53367296462_o-1024x684.jpg\" class=\"attachment-large size-large wp-image-5460\" alt=\"\" srcset=\"https:\/\/aurafundacio.org\/wp-content\/uploads\/2026\/01\/entrega-de-les-medalles-dhonor-de-la-ciutat_53367296462_o-1024x684.jpg 1024w, https:\/\/aurafundacio.org\/wp-content\/uploads\/2026\/01\/entrega-de-les-medalles-dhonor-de-la-ciutat_53367296462_o-300x200.jpg 300w, https:\/\/aurafundacio.org\/wp-content\/uploads\/2026\/01\/entrega-de-les-medalles-dhonor-de-la-ciutat_53367296462_o-768x513.jpg 768w, https:\/\/aurafundacio.org\/wp-content\/uploads\/2026\/01\/entrega-de-les-medalles-dhonor-de-la-ciutat_53367296462_o-1536x1026.jpg 1536w, https:\/\/aurafundacio.org\/wp-content\/uploads\/2026\/01\/entrega-de-les-medalles-dhonor-de-la-ciutat_53367296462_o-2048x1368.jpg 2048w\" sizes=\"(max-width: 800px) 100vw, 800px\" \/>\t\t\t\t\t\t\t\t\t\t\t\t\t\t\t<\/div>\n\t\t\t\t<\/div>\n\t\t\t\t\t<\/div>\n\t\t<\/div>\n\t\t\t\t<div class=\"elementor-column elementor-col-50 elementor-top-column elementor-element elementor-element-abbcb06\" data-id=\"abbcb06\" data-element_type=\"column\" data-e-type=\"column\">\n\t\t\t<div class=\"elementor-widget-wrap elementor-element-populated\">\n\t\t\t\t\t\t<div class=\"elementor-element elementor-element-5a3892d elementor-widget elementor-widget-text-editor\" data-id=\"5a3892d\" data-element_type=\"widget\" data-e-type=\"widget\" data-widget_type=\"text-editor.default\">\n\t\t\t\t<div class=\"elementor-widget-container\">\n\t\t\t\t\t\t\t\t\t<p><strong>Gloria Canals, presidenta de Aura Fundaci\u00f3 desde 2019<\/strong> , es licenciada en Psicolog\u00eda Cl\u00ednica y Pedagog\u00eda Terap\u00e9utica por la Universidad de Barcelona y Hospital Cl\u00ednic de Barcelona.<br> Ha dedicado su vida a visibilizar y normalizar la inclusi\u00f3n de las personas con discapacidad intelectual en la sociedad.<\/p><p>En 1989, impuls\u00f3 el <strong>primer proyecto de Trabajo con Apoyo para j\u00f3venes con discapacidad intelectual en Catalu\u00f1a,<\/strong> con el objetivo de ofrecer una alternativa laboral m\u00e1s all\u00e1 de los centros ocupacionales tradicionales.<\/p><div class=\"traductor-textarea form-group\"><div class=\"textarea-desti col-xs-12 col-sm-6\"><div class=\"form-control second-textarea\">Como pionera en Espa\u00f1a y Europa, introdujo la metodolog\u00eda \u00abTrabajo con Apoyo\u00bb y fue una de las fundadoras de la Asociaci\u00f3n Espa\u00f1ola de Trabajo con Apoyo, que presidi\u00f3 durante seis a\u00f1os. Su trayectoria profesional empez\u00f3 trabajando con personas con par\u00e1lisis cerebral y en una de las primeras escuelas inclusivas de la d\u00e9cada de los 80, la Escola Verge de la Pau. Al observar que muchas de las personas con discapacidad intelectual que asist\u00edan a estas escuelas no pod\u00edan continuar en entornos inclusivos, decidi\u00f3 crear el proyecto AURA. Con una subvenci\u00f3n del Departament de Treball, inici\u00f3 este proyecto piloto con ocho personas con s\u00edndrome de Down.   <\/div><div> <\/div><div class=\"form-control second-textarea\">El proyecto AURA <strong>demostr\u00f3 que, con los soportes adecuados, las personas con discapacidad intelectual que lo desearan pod\u00edan ejercer un empleo en un entorno laboral ordinario.<\/strong><\/div><div class=\"form-control second-textarea\">Es miembro fundador del European Union of Supported Employment (EUSE) y de la Asociaci\u00f3n Catalana de Trabajo con Apoyo (ACTAS) que presidi\u00f3 4 a\u00f1os. Tambi\u00e9n es vicepresidenta de la Fundaci\u00f3n Iberoamericana Down 21. <\/div><div> <\/div><div class=\"form-control second-textarea\">Ha impartido numerosas ponencias, tanto en Espa\u00f1a como fuera y ha dirigido y coordinado varios congresos, cursos, jornadas y seminarios.<\/div><div> <\/div><div class=\"form-control second-textarea\">En 2019 particip\u00f3 como ponente en el Congreso del D\u00eda Mundial del S\u00edndrome de Down en la sede de la ONU en Nueva York.<\/div><div> <\/div><div class=\"form-control second-textarea\">Es coautora del libro Proyecto Aura: una experiencia de integraci\u00f3n laboral de j\u00f3venes con s\u00edndrome de Down (Mil\u00e1n 1990) y autora de varios art\u00edculos en revistas t\u00e9cnicas sobre la integraci\u00f3n laboral de personas con discapacidad intelectual.<\/div><div class=\"form-control second-textarea\">Cabe destacar que, en 2022, la ONCE reconoci\u00f3 su destacada trayectoria, otorg\u00e1ndole el <strong>galard\u00f3n ONCE Solidaris<\/strong> por su valiosa contribuci\u00f3n a la mejora de la calidad de vida de las personas con discapacidad intelectual.<\/div><div> <\/div><div class=\"form-control second-textarea\">En 2024 recibi\u00f3 el XVII Premio Gaud\u00ed Gresol en la categor\u00eda de <strong>Catalana Ilustre<\/strong> , nuevamente en reconocimiento a su labor en favor de las personas con discapacidad intelectual.<\/div><\/div><\/div>\t\t\t\t\t\t\t\t<\/div>\n\t\t\t\t<\/div>\n\t\t\t\t\t<\/div>\n\t\t<\/div>\n\t\t\t\t\t<\/div>\n\t\t<\/section>\n\t\t\t\t<\/div>\n\t\t","protected":false},"excerpt":{"rendered":"<p>Gloria Canals, presidenta de Aura Fundaci\u00f3 desde 2019 , es licenciada en Psicolog\u00eda Cl\u00ednica y Pedagog\u00eda Terap\u00e9utica por la Universidad de Barcelona y Hospital Cl\u00ednic de Barcelona. Ha dedicado su vida a visibilizar y normalizar la inclusi\u00f3n de las personas con discapacidad intelectual en la sociedad. En 1989, impuls\u00f3 el primer proyecto de Trabajo con [&hellip;]<\/p>\n","protected":false},"author":1,"featured_media":0,"parent":0,"menu_order":0,"comment_status":"closed","ping_status":"closed","template":"","meta":{"footnotes":""},"class_list":["post-5530","page","type-page","status-publish","hentry"],"yoast_head":"<!-- This site is optimized with the Yoast SEO plugin v27.3 - https:\/\/yoast.com\/product\/yoast-seo-wordpress\/ -->\n<title>Gl\u00f2ria Canals - Aura fundaci\u00f3<\/title>\n<meta name=\"robots\" content=\"index, follow, max-snippet:-1, max-image-preview:large, max-video-preview:-1\" \/>\n<link rel=\"canonical\" href=\"https:\/\/aurafundacio.org\/es\/gloria-canals\/\" \/>\n<meta property=\"og:locale\" content=\"es_ES\" \/>\n<meta property=\"og:type\" content=\"article\" \/>\n<meta property=\"og:title\" content=\"Gl\u00f2ria Canals - Aura fundaci\u00f3\" \/>\n<meta property=\"og:description\" content=\"Gloria Canals, presidenta de Aura Fundaci\u00f3 desde 2019 , es licenciada en Psicolog\u00eda Cl\u00ednica y Pedagog\u00eda Terap\u00e9utica por la Universidad de Barcelona y Hospital Cl\u00ednic de Barcelona. Ha dedicado su vida a visibilizar y normalizar la inclusi\u00f3n de las personas con discapacidad intelectual en la sociedad. En 1989, impuls\u00f3 el primer proyecto de Trabajo con [&hellip;]\" \/>\n<meta property=\"og:url\" content=\"https:\/\/aurafundacio.org\/es\/gloria-canals\/\" \/>\n<meta property=\"og:site_name\" content=\"Aura fundaci\u00f3\" \/>\n<meta property=\"article:modified_time\" content=\"2026-01-21T08:38:03+00:00\" \/>\n<meta property=\"og:image\" content=\"https:\/\/aurafundacio.org\/wp-content\/uploads\/2026\/01\/GLORIA-CANALS-catalana-ilustre-scaled.jpg\" \/>\n\t<meta property=\"og:image:width\" content=\"2560\" \/>\n\t<meta property=\"og:image:height\" content=\"1707\" \/>\n\t<meta property=\"og:image:type\" content=\"image\/jpeg\" \/>\n<meta name=\"twitter:card\" content=\"summary_large_image\" \/>\n<meta name=\"twitter:label1\" content=\"Tiempo de lectura\" \/>\n\t<meta name=\"twitter:data1\" content=\"2 minutos\" \/>\n<script type=\"application\/ld+json\" class=\"yoast-schema-graph\">{\"@context\":\"https:\\\/\\\/schema.org\",\"@graph\":[{\"@type\":\"WebPage\",\"@id\":\"https:\\\/\\\/aurafundacio.org\\\/es\\\/gloria-canals\\\/\",\"url\":\"https:\\\/\\\/aurafundacio.org\\\/es\\\/gloria-canals\\\/\",\"name\":\"Gl\u00f2ria Canals - Aura fundaci\u00f3\",\"isPartOf\":{\"@id\":\"https:\\\/\\\/aurafundacio.org\\\/es\\\/#website\"},\"primaryImageOfPage\":{\"@id\":\"https:\\\/\\\/aurafundacio.org\\\/es\\\/gloria-canals\\\/#primaryimage\"},\"image\":{\"@id\":\"https:\\\/\\\/aurafundacio.org\\\/es\\\/gloria-canals\\\/#primaryimage\"},\"thumbnailUrl\":\"https:\\\/\\\/aurafundacio.org\\\/wp-content\\\/uploads\\\/2026\\\/01\\\/GLORIA-CANALS-catalana-ilustre-1024x683.jpg\",\"datePublished\":\"2026-01-20T11:49:07+00:00\",\"dateModified\":\"2026-01-21T08:38:03+00:00\",\"breadcrumb\":{\"@id\":\"https:\\\/\\\/aurafundacio.org\\\/es\\\/gloria-canals\\\/#breadcrumb\"},\"inLanguage\":\"es\",\"potentialAction\":[{\"@type\":\"ReadAction\",\"target\":[\"https:\\\/\\\/aurafundacio.org\\\/es\\\/gloria-canals\\\/\"]}]},{\"@type\":\"ImageObject\",\"inLanguage\":\"es\",\"@id\":\"https:\\\/\\\/aurafundacio.org\\\/es\\\/gloria-canals\\\/#primaryimage\",\"url\":\"https:\\\/\\\/aurafundacio.org\\\/wp-content\\\/uploads\\\/2026\\\/01\\\/GLORIA-CANALS-catalana-ilustre-1024x683.jpg\",\"contentUrl\":\"https:\\\/\\\/aurafundacio.org\\\/wp-content\\\/uploads\\\/2026\\\/01\\\/GLORIA-CANALS-catalana-ilustre-1024x683.jpg\"},{\"@type\":\"BreadcrumbList\",\"@id\":\"https:\\\/\\\/aurafundacio.org\\\/es\\\/gloria-canals\\\/#breadcrumb\",\"itemListElement\":[{\"@type\":\"ListItem\",\"position\":1,\"name\":\"Home\",\"item\":\"https:\\\/\\\/aurafundacio.org\\\/es\\\/hombre\\\/\"},{\"@type\":\"ListItem\",\"position\":2,\"name\":\"Gl\u00f2ria Canals\"}]},{\"@type\":\"WebSite\",\"@id\":\"https:\\\/\\\/aurafundacio.org\\\/es\\\/#website\",\"url\":\"https:\\\/\\\/aurafundacio.org\\\/es\\\/\",\"name\":\"Aura fundaci\u00f3\",\"description\":\"Serveis per a la inclusi\u00f3 social i laboral de persones amb discapacitat intel\u00b7lectual.\",\"publisher\":{\"@id\":\"https:\\\/\\\/aurafundacio.org\\\/es\\\/#organization\"},\"potentialAction\":[{\"@type\":\"SearchAction\",\"target\":{\"@type\":\"EntryPoint\",\"urlTemplate\":\"https:\\\/\\\/aurafundacio.org\\\/es\\\/?s={search_term_string}\"},\"query-input\":{\"@type\":\"PropertyValueSpecification\",\"valueRequired\":true,\"valueName\":\"search_term_string\"}}],\"inLanguage\":\"es\"},{\"@type\":\"Organization\",\"@id\":\"https:\\\/\\\/aurafundacio.org\\\/es\\\/#organization\",\"name\":\"Aura fundaci\u00f3\",\"url\":\"https:\\\/\\\/aurafundacio.org\\\/es\\\/\",\"logo\":{\"@type\":\"ImageObject\",\"inLanguage\":\"es\",\"@id\":\"https:\\\/\\\/aurafundacio.org\\\/es\\\/#\\\/schema\\\/logo\\\/image\\\/\",\"url\":\"https:\\\/\\\/aurafundacio.org\\\/wp-content\\\/uploads\\\/2026\\\/01\\\/LOGO-WEB-2-4.png\",\"contentUrl\":\"https:\\\/\\\/aurafundacio.org\\\/wp-content\\\/uploads\\\/2026\\\/01\\\/LOGO-WEB-2-4.png\",\"width\":130,\"height\":200,\"caption\":\"Aura fundaci\u00f3\"},\"image\":{\"@id\":\"https:\\\/\\\/aurafundacio.org\\\/es\\\/#\\\/schema\\\/logo\\\/image\\\/\"}}]}<\/script>\n<!-- \/ Yoast SEO plugin. -->","yoast_head_json":{"title":"Gl\u00f2ria Canals - Aura fundaci\u00f3","robots":{"index":"index","follow":"follow","max-snippet":"max-snippet:-1","max-image-preview":"max-image-preview:large","max-video-preview":"max-video-preview:-1"},"canonical":"https:\/\/aurafundacio.org\/es\/gloria-canals\/","og_locale":"es_ES","og_type":"article","og_title":"Gl\u00f2ria Canals - Aura fundaci\u00f3","og_description":"Gloria Canals, presidenta de Aura Fundaci\u00f3 desde 2019 , es licenciada en Psicolog\u00eda Cl\u00ednica y Pedagog\u00eda Terap\u00e9utica por la Universidad de Barcelona y Hospital Cl\u00ednic de Barcelona. Ha dedicado su vida a visibilizar y normalizar la inclusi\u00f3n de las personas con discapacidad intelectual en la sociedad. En 1989, impuls\u00f3 el primer proyecto de Trabajo con [&hellip;]","og_url":"https:\/\/aurafundacio.org\/es\/gloria-canals\/","og_site_name":"Aura fundaci\u00f3","article_modified_time":"2026-01-21T08:38:03+00:00","og_image":[{"width":2560,"height":1707,"url":"https:\/\/aurafundacio.org\/wp-content\/uploads\/2026\/01\/GLORIA-CANALS-catalana-ilustre-scaled.jpg","type":"image\/jpeg"}],"twitter_card":"summary_large_image","twitter_misc":{"Tiempo de lectura":"2 minutos"},"schema":{"@context":"https:\/\/schema.org","@graph":[{"@type":"WebPage","@id":"https:\/\/aurafundacio.org\/es\/gloria-canals\/","url":"https:\/\/aurafundacio.org\/es\/gloria-canals\/","name":"Gl\u00f2ria Canals - Aura fundaci\u00f3","isPartOf":{"@id":"https:\/\/aurafundacio.org\/es\/#website"},"primaryImageOfPage":{"@id":"https:\/\/aurafundacio.org\/es\/gloria-canals\/#primaryimage"},"image":{"@id":"https:\/\/aurafundacio.org\/es\/gloria-canals\/#primaryimage"},"thumbnailUrl":"https:\/\/aurafundacio.org\/wp-content\/uploads\/2026\/01\/GLORIA-CANALS-catalana-ilustre-1024x683.jpg","datePublished":"2026-01-20T11:49:07+00:00","dateModified":"2026-01-21T08:38:03+00:00","breadcrumb":{"@id":"https:\/\/aurafundacio.org\/es\/gloria-canals\/#breadcrumb"},"inLanguage":"es","potentialAction":[{"@type":"ReadAction","target":["https:\/\/aurafundacio.org\/es\/gloria-canals\/"]}]},{"@type":"ImageObject","inLanguage":"es","@id":"https:\/\/aurafundacio.org\/es\/gloria-canals\/#primaryimage","url":"https:\/\/aurafundacio.org\/wp-content\/uploads\/2026\/01\/GLORIA-CANALS-catalana-ilustre-1024x683.jpg","contentUrl":"https:\/\/aurafundacio.org\/wp-content\/uploads\/2026\/01\/GLORIA-CANALS-catalana-ilustre-1024x683.jpg"},{"@type":"BreadcrumbList","@id":"https:\/\/aurafundacio.org\/es\/gloria-canals\/#breadcrumb","itemListElement":[{"@type":"ListItem","position":1,"name":"Home","item":"https:\/\/aurafundacio.org\/es\/hombre\/"},{"@type":"ListItem","position":2,"name":"Gl\u00f2ria Canals"}]},{"@type":"WebSite","@id":"https:\/\/aurafundacio.org\/es\/#website","url":"https:\/\/aurafundacio.org\/es\/","name":"Aura fundaci\u00f3","description":"Serveis per a la inclusi\u00f3 social i laboral de persones amb discapacitat intel\u00b7lectual.","publisher":{"@id":"https:\/\/aurafundacio.org\/es\/#organization"},"potentialAction":[{"@type":"SearchAction","target":{"@type":"EntryPoint","urlTemplate":"https:\/\/aurafundacio.org\/es\/?s={search_term_string}"},"query-input":{"@type":"PropertyValueSpecification","valueRequired":true,"valueName":"search_term_string"}}],"inLanguage":"es"},{"@type":"Organization","@id":"https:\/\/aurafundacio.org\/es\/#organization","name":"Aura fundaci\u00f3","url":"https:\/\/aurafundacio.org\/es\/","logo":{"@type":"ImageObject","inLanguage":"es","@id":"https:\/\/aurafundacio.org\/es\/#\/schema\/logo\/image\/","url":"https:\/\/aurafundacio.org\/wp-content\/uploads\/2026\/01\/LOGO-WEB-2-4.png","contentUrl":"https:\/\/aurafundacio.org\/wp-content\/uploads\/2026\/01\/LOGO-WEB-2-4.png","width":130,"height":200,"caption":"Aura fundaci\u00f3"},"image":{"@id":"https:\/\/aurafundacio.org\/es\/#\/schema\/logo\/image\/"}}]}},"_links":{"self":[{"href":"https:\/\/aurafundacio.org\/es\/wp-json\/wp\/v2\/pages\/5530","targetHints":{"allow":["GET"]}}],"collection":[{"href":"https:\/\/aurafundacio.org\/es\/wp-json\/wp\/v2\/pages"}],"about":[{"href":"https:\/\/aurafundacio.org\/es\/wp-json\/wp\/v2\/types\/page"}],"author":[{"embeddable":true,"href":"https:\/\/aurafundacio.org\/es\/wp-json\/wp\/v2\/users\/1"}],"replies":[{"embeddable":true,"href":"https:\/\/aurafundacio.org\/es\/wp-json\/wp\/v2\/comments?post=5530"}],"version-history":[{"count":2,"href":"https:\/\/aurafundacio.org\/es\/wp-json\/wp\/v2\/pages\/5530\/revisions"}],"predecessor-version":[{"id":5534,"href":"https:\/\/aurafundacio.org\/es\/wp-json\/wp\/v2\/pages\/5530\/revisions\/5534"}],"wp:attachment":[{"href":"https:\/\/aurafundacio.org\/es\/wp-json\/wp\/v2\/media?parent=5530"}],"curies":[{"name":"wp","href":"https:\/\/api.w.org\/{rel}","templated":true}]}}