{"id":433,"date":"2022-09-02T07:03:11","date_gmt":"2022-09-02T07:03:11","guid":{"rendered":"https:\/\/marcb88.sg-host.com\/denuncia\/"},"modified":"2026-01-20T10:33:31","modified_gmt":"2026-01-20T10:33:31","slug":"denuncia","status":"publish","type":"page","link":"https:\/\/aurafundacio.org\/es\/denuncia\/","title":{"rendered":"Denuncia"},"content":{"rendered":"\t\t<div data-elementor-type=\"wp-page\" data-elementor-id=\"433\" class=\"elementor elementor-433 elementor-419\" data-elementor-post-type=\"page\">\n\t\t\t\t\t\t<section class=\"elementor-section elementor-top-section elementor-element elementor-element-95f5a2f elementor-section-boxed elementor-section-height-default elementor-section-height-default\" data-id=\"95f5a2f\" data-element_type=\"section\" data-e-type=\"section\">\n\t\t\t\t\t\t<div class=\"elementor-container elementor-column-gap-default\">\n\t\t\t\t\t<div class=\"elementor-column elementor-col-100 elementor-top-column elementor-element elementor-element-dc664c6\" data-id=\"dc664c6\" data-element_type=\"column\" data-e-type=\"column\">\n\t\t\t<div class=\"elementor-widget-wrap elementor-element-populated\">\n\t\t\t\t\t\t<div class=\"elementor-element elementor-element-168c31b elementor-widget elementor-widget-heading\" data-id=\"168c31b\" data-element_type=\"widget\" data-e-type=\"widget\" data-widget_type=\"heading.default\">\n\t\t\t\t<div class=\"elementor-widget-container\">\n\t\t\t\t\t<h2 class=\"elementor-heading-title elementor-size-default\">Canal de denuncia<\/h2>\t\t\t\t<\/div>\n\t\t\t\t<\/div>\n\t\t\t\t<div class=\"elementor-element elementor-element-8fe759a elementor-widget elementor-widget-heading\" data-id=\"8fe759a\" data-element_type=\"widget\" data-e-type=\"widget\" data-widget_type=\"heading.default\">\n\t\t\t\t<div class=\"elementor-widget-container\">\n\t\t\t\t\t<p class=\"elementor-heading-title elementor-size-default\">Aura Fundaci\u00f3 se compromete con la integridad, la transparencia y el cumplimiento normativo. Ponemos a disposici\u00f3n del equipo de AURA Fundaci\u00f3, participantes, colaboradores, proveedores, y otros terceros un Canal denuncias confidencial y seguro. A trav\u00e9s del cual podr\u00e1n comunicarse, de buena fe, posibles conductas o acciones contrarias a la Ley, a nuestro C\u00f3digo \u00c9tico oa nuestras pol\u00edticas internas.  <\/p>\t\t\t\t<\/div>\n\t\t\t\t<\/div>\n\t\t\t\t<div class=\"elementor-element elementor-element-69bb723 elementor-align-center elementor-widget elementor-widget-button\" data-id=\"69bb723\" data-element_type=\"widget\" data-e-type=\"widget\" data-widget_type=\"button.default\">\n\t\t\t\t<div class=\"elementor-widget-container\">\n\t\t\t\t\t\t\t\t\t<div class=\"elementor-button-wrapper\">\n\t\t\t\t\t<a class=\"elementor-button elementor-button-link elementor-size-md\" href=\"https:\/\/aura.factorial.es\/complaints\">\n\t\t\t\t\t\t<span class=\"elementor-button-content-wrapper\">\n\t\t\t\t\t\t\t\t\t<span class=\"elementor-button-text\">Inicia el proceso de denuncia<\/span>\n\t\t\t\t\t<\/span>\n\t\t\t\t\t<\/a>\n\t\t\t\t<\/div>\n\t\t\t\t\t\t\t\t<\/div>\n\t\t\t\t<\/div>\n\t\t\t\t<div class=\"elementor-element elementor-element-fa9f8ee elementor-align-center elementor-widget elementor-widget-button\" data-id=\"fa9f8ee\" data-element_type=\"widget\" data-e-type=\"widget\" data-widget_type=\"button.default\">\n\t\t\t\t<div class=\"elementor-widget-container\">\n\t\t\t\t\t\t\t\t\t<div class=\"elementor-button-wrapper\">\n\t\t\t\t\t<a class=\"elementor-button elementor-button-link elementor-size-md\" href=\"\/wp-content\/uploads\/2025\/10\/2025_REGLAMENT-DE-GESTIO-DE-CANAL-DE-DENUNCIES_actualitzacio_catala.pdf\">\n\t\t\t\t\t\t<span class=\"elementor-button-content-wrapper\">\n\t\t\t\t\t\t\t\t\t<span class=\"elementor-button-text\">Desc\u00e1rgate el protocolo general de denuncias<\/span>\n\t\t\t\t\t<\/span>\n\t\t\t\t\t<\/a>\n\t\t\t\t<\/div>\n\t\t\t\t\t\t\t\t<\/div>\n\t\t\t\t<\/div>\n\t\t\t\t\t<\/div>\n\t\t<\/div>\n\t\t\t\t\t<\/div>\n\t\t<\/section>\n\t\t\t\t<\/div>\n\t\t","protected":false},"excerpt":{"rendered":"<p>Canal de denuncia Aura Fundaci\u00f3 se compromete con la integridad, la transparencia y el cumplimiento normativo. Ponemos a disposici\u00f3n del equipo de AURA Fundaci\u00f3, participantes, colaboradores, proveedores, y otros terceros un Canal denuncias confidencial y seguro. A trav\u00e9s del cual podr\u00e1n comunicarse, de buena fe, posibles conductas o acciones contrarias a la Ley, a nuestro [&hellip;]<\/p>\n","protected":false},"author":1,"featured_media":0,"parent":0,"menu_order":0,"comment_status":"closed","ping_status":"closed","template":"","meta":{"footnotes":""},"class_list":["post-433","page","type-page","status-publish","hentry"],"yoast_head":"<!-- This site is optimized with the Yoast SEO plugin v27.5 - https:\/\/yoast.com\/product\/yoast-seo-wordpress\/ -->\n<title>Denuncia - Aura fundaci\u00f3<\/title>\n<meta name=\"robots\" content=\"index, follow, max-snippet:-1, max-image-preview:large, max-video-preview:-1\" \/>\n<link rel=\"canonical\" href=\"https:\/\/aurafundacio.org\/es\/denuncia\/\" \/>\n<meta property=\"og:locale\" content=\"es_ES\" \/>\n<meta property=\"og:type\" content=\"article\" \/>\n<meta property=\"og:title\" content=\"Denuncia - Aura fundaci\u00f3\" \/>\n<meta property=\"og:description\" content=\"Canal de denuncia Aura Fundaci\u00f3 se compromete con la integridad, la transparencia y el cumplimiento normativo. Ponemos a disposici\u00f3n del equipo de AURA Fundaci\u00f3, participantes, colaboradores, proveedores, y otros terceros un Canal denuncias confidencial y seguro. A trav\u00e9s del cual podr\u00e1n comunicarse, de buena fe, posibles conductas o acciones contrarias a la Ley, a nuestro [&hellip;]\" \/>\n<meta property=\"og:url\" content=\"https:\/\/aurafundacio.org\/es\/denuncia\/\" \/>\n<meta property=\"og:site_name\" content=\"Aura fundaci\u00f3\" \/>\n<meta property=\"article:modified_time\" content=\"2026-01-20T10:33:31+00:00\" \/>\n<meta name=\"twitter:card\" content=\"summary_large_image\" \/>\n<meta name=\"twitter:label1\" content=\"Tiempo de lectura\" \/>\n\t<meta name=\"twitter:data1\" content=\"1 minuto\" \/>\n<script type=\"application\/ld+json\" class=\"yoast-schema-graph\">{\"@context\":\"https:\\\/\\\/schema.org\",\"@graph\":[{\"@type\":\"WebPage\",\"@id\":\"https:\\\/\\\/aurafundacio.org\\\/es\\\/denuncia\\\/\",\"url\":\"https:\\\/\\\/aurafundacio.org\\\/es\\\/denuncia\\\/\",\"name\":\"Denuncia - Aura fundaci\u00f3\",\"isPartOf\":{\"@id\":\"https:\\\/\\\/aurafundacio.org\\\/es\\\/#website\"},\"datePublished\":\"2022-09-02T07:03:11+00:00\",\"dateModified\":\"2026-01-20T10:33:31+00:00\",\"breadcrumb\":{\"@id\":\"https:\\\/\\\/aurafundacio.org\\\/es\\\/denuncia\\\/#breadcrumb\"},\"inLanguage\":\"es\",\"potentialAction\":[{\"@type\":\"ReadAction\",\"target\":[\"https:\\\/\\\/aurafundacio.org\\\/es\\\/denuncia\\\/\"]}]},{\"@type\":\"BreadcrumbList\",\"@id\":\"https:\\\/\\\/aurafundacio.org\\\/es\\\/denuncia\\\/#breadcrumb\",\"itemListElement\":[{\"@type\":\"ListItem\",\"position\":1,\"name\":\"Home\",\"item\":\"https:\\\/\\\/aurafundacio.org\\\/es\\\/hombre\\\/\"},{\"@type\":\"ListItem\",\"position\":2,\"name\":\"Denuncia\"}]},{\"@type\":\"WebSite\",\"@id\":\"https:\\\/\\\/aurafundacio.org\\\/es\\\/#website\",\"url\":\"https:\\\/\\\/aurafundacio.org\\\/es\\\/\",\"name\":\"Aura fundaci\u00f3\",\"description\":\"Serveis per a la inclusi\u00f3 social i laboral de persones amb discapacitat intel\u00b7lectual.\",\"publisher\":{\"@id\":\"https:\\\/\\\/aurafundacio.org\\\/es\\\/#organization\"},\"potentialAction\":[{\"@type\":\"SearchAction\",\"target\":{\"@type\":\"EntryPoint\",\"urlTemplate\":\"https:\\\/\\\/aurafundacio.org\\\/es\\\/?s={search_term_string}\"},\"query-input\":{\"@type\":\"PropertyValueSpecification\",\"valueRequired\":true,\"valueName\":\"search_term_string\"}}],\"inLanguage\":\"es\"},{\"@type\":\"Organization\",\"@id\":\"https:\\\/\\\/aurafundacio.org\\\/es\\\/#organization\",\"name\":\"Aura fundaci\u00f3\",\"url\":\"https:\\\/\\\/aurafundacio.org\\\/es\\\/\",\"logo\":{\"@type\":\"ImageObject\",\"inLanguage\":\"es\",\"@id\":\"https:\\\/\\\/aurafundacio.org\\\/es\\\/#\\\/schema\\\/logo\\\/image\\\/\",\"url\":\"https:\\\/\\\/aurafundacio.org\\\/wp-content\\\/uploads\\\/2026\\\/01\\\/LOGO-WEB-2-4.png\",\"contentUrl\":\"https:\\\/\\\/aurafundacio.org\\\/wp-content\\\/uploads\\\/2026\\\/01\\\/LOGO-WEB-2-4.png\",\"width\":130,\"height\":200,\"caption\":\"Aura fundaci\u00f3\"},\"image\":{\"@id\":\"https:\\\/\\\/aurafundacio.org\\\/es\\\/#\\\/schema\\\/logo\\\/image\\\/\"}}]}<\/script>\n<!-- \/ Yoast SEO plugin. -->","yoast_head_json":{"title":"Denuncia - Aura fundaci\u00f3","robots":{"index":"index","follow":"follow","max-snippet":"max-snippet:-1","max-image-preview":"max-image-preview:large","max-video-preview":"max-video-preview:-1"},"canonical":"https:\/\/aurafundacio.org\/es\/denuncia\/","og_locale":"es_ES","og_type":"article","og_title":"Denuncia - Aura fundaci\u00f3","og_description":"Canal de denuncia Aura Fundaci\u00f3 se compromete con la integridad, la transparencia y el cumplimiento normativo. Ponemos a disposici\u00f3n del equipo de AURA Fundaci\u00f3, participantes, colaboradores, proveedores, y otros terceros un Canal denuncias confidencial y seguro. A trav\u00e9s del cual podr\u00e1n comunicarse, de buena fe, posibles conductas o acciones contrarias a la Ley, a nuestro [&hellip;]","og_url":"https:\/\/aurafundacio.org\/es\/denuncia\/","og_site_name":"Aura fundaci\u00f3","article_modified_time":"2026-01-20T10:33:31+00:00","twitter_card":"summary_large_image","twitter_misc":{"Tiempo de lectura":"1 minuto"},"schema":{"@context":"https:\/\/schema.org","@graph":[{"@type":"WebPage","@id":"https:\/\/aurafundacio.org\/es\/denuncia\/","url":"https:\/\/aurafundacio.org\/es\/denuncia\/","name":"Denuncia - Aura fundaci\u00f3","isPartOf":{"@id":"https:\/\/aurafundacio.org\/es\/#website"},"datePublished":"2022-09-02T07:03:11+00:00","dateModified":"2026-01-20T10:33:31+00:00","breadcrumb":{"@id":"https:\/\/aurafundacio.org\/es\/denuncia\/#breadcrumb"},"inLanguage":"es","potentialAction":[{"@type":"ReadAction","target":["https:\/\/aurafundacio.org\/es\/denuncia\/"]}]},{"@type":"BreadcrumbList","@id":"https:\/\/aurafundacio.org\/es\/denuncia\/#breadcrumb","itemListElement":[{"@type":"ListItem","position":1,"name":"Home","item":"https:\/\/aurafundacio.org\/es\/hombre\/"},{"@type":"ListItem","position":2,"name":"Denuncia"}]},{"@type":"WebSite","@id":"https:\/\/aurafundacio.org\/es\/#website","url":"https:\/\/aurafundacio.org\/es\/","name":"Aura fundaci\u00f3","description":"Serveis per a la inclusi\u00f3 social i laboral de persones amb discapacitat intel\u00b7lectual.","publisher":{"@id":"https:\/\/aurafundacio.org\/es\/#organization"},"potentialAction":[{"@type":"SearchAction","target":{"@type":"EntryPoint","urlTemplate":"https:\/\/aurafundacio.org\/es\/?s={search_term_string}"},"query-input":{"@type":"PropertyValueSpecification","valueRequired":true,"valueName":"search_term_string"}}],"inLanguage":"es"},{"@type":"Organization","@id":"https:\/\/aurafundacio.org\/es\/#organization","name":"Aura fundaci\u00f3","url":"https:\/\/aurafundacio.org\/es\/","logo":{"@type":"ImageObject","inLanguage":"es","@id":"https:\/\/aurafundacio.org\/es\/#\/schema\/logo\/image\/","url":"https:\/\/aurafundacio.org\/wp-content\/uploads\/2026\/01\/LOGO-WEB-2-4.png","contentUrl":"https:\/\/aurafundacio.org\/wp-content\/uploads\/2026\/01\/LOGO-WEB-2-4.png","width":130,"height":200,"caption":"Aura fundaci\u00f3"},"image":{"@id":"https:\/\/aurafundacio.org\/es\/#\/schema\/logo\/image\/"}}]}},"_links":{"self":[{"href":"https:\/\/aurafundacio.org\/es\/wp-json\/wp\/v2\/pages\/433","targetHints":{"allow":["GET"]}}],"collection":[{"href":"https:\/\/aurafundacio.org\/es\/wp-json\/wp\/v2\/pages"}],"about":[{"href":"https:\/\/aurafundacio.org\/es\/wp-json\/wp\/v2\/types\/page"}],"author":[{"embeddable":true,"href":"https:\/\/aurafundacio.org\/es\/wp-json\/wp\/v2\/users\/1"}],"replies":[{"embeddable":true,"href":"https:\/\/aurafundacio.org\/es\/wp-json\/wp\/v2\/comments?post=433"}],"version-history":[{"count":12,"href":"https:\/\/aurafundacio.org\/es\/wp-json\/wp\/v2\/pages\/433\/revisions"}],"predecessor-version":[{"id":5329,"href":"https:\/\/aurafundacio.org\/es\/wp-json\/wp\/v2\/pages\/433\/revisions\/5329"}],"wp:attachment":[{"href":"https:\/\/aurafundacio.org\/es\/wp-json\/wp\/v2\/media?parent=433"}],"curies":[{"name":"wp","href":"https:\/\/api.w.org\/{rel}","templated":true}]}}