{"id":362,"date":"2022-09-02T06:58:24","date_gmt":"2022-09-02T06:58:24","guid":{"rendered":"https:\/\/marcb88.sg-host.com\/patronato\/"},"modified":"2026-03-02T08:28:37","modified_gmt":"2026-03-02T08:28:37","slug":"patronato","status":"publish","type":"page","link":"https:\/\/aurafundacio.org\/es\/patronato\/","title":{"rendered":"Patronato"},"content":{"rendered":"\t\t<div data-elementor-type=\"wp-page\" data-elementor-id=\"362\" class=\"elementor elementor-362 elementor-353\" data-elementor-post-type=\"page\">\n\t\t\t\t\t\t<section class=\"elementor-section elementor-top-section elementor-element elementor-element-7cfd686 elementor-section-boxed elementor-section-height-default elementor-section-height-default\" data-id=\"7cfd686\" data-element_type=\"section\" data-e-type=\"section\" data-settings=\"{&quot;background_background&quot;:&quot;classic&quot;}\">\n\t\t\t\t\t\t<div class=\"elementor-container elementor-column-gap-default\">\n\t\t\t\t\t<div class=\"elementor-column elementor-col-100 elementor-top-column elementor-element elementor-element-8922a19\" data-id=\"8922a19\" data-element_type=\"column\" data-e-type=\"column\">\n\t\t\t<div class=\"elementor-widget-wrap elementor-element-populated\">\n\t\t\t\t\t\t<div class=\"elementor-element elementor-element-7106c07 elementor-widget elementor-widget-heading\" data-id=\"7106c07\" data-element_type=\"widget\" data-e-type=\"widget\" data-widget_type=\"heading.default\">\n\t\t\t\t<div class=\"elementor-widget-container\">\n\t\t\t\t\t<h1 class=\"elementor-heading-title elementor-size-default\">ELLAS Y ELLOS <strong>HACEN AURA<\/strong>\n<\/h1>\t\t\t\t<\/div>\n\t\t\t\t<\/div>\n\t\t\t\t\t<\/div>\n\t\t<\/div>\n\t\t\t\t\t<\/div>\n\t\t<\/section>\n\t\t\t\t<section class=\"elementor-section elementor-top-section elementor-element elementor-element-2879d8c elementor-section-boxed elementor-section-height-default elementor-section-height-default\" data-id=\"2879d8c\" data-element_type=\"section\" data-e-type=\"section\">\n\t\t\t\t\t\t<div class=\"elementor-container elementor-column-gap-default\">\n\t\t\t\t\t<div class=\"elementor-column elementor-col-100 elementor-top-column elementor-element elementor-element-648c94e\" data-id=\"648c94e\" data-element_type=\"column\" data-e-type=\"column\">\n\t\t\t<div class=\"elementor-widget-wrap elementor-element-populated\">\n\t\t\t\t\t\t<div class=\"elementor-element elementor-element-0d45e76 elementor-widget elementor-widget-text-editor\" data-id=\"0d45e76\" data-element_type=\"widget\" data-e-type=\"widget\" data-widget_type=\"text-editor.default\">\n\t\t\t\t<div class=\"elementor-widget-container\">\n\t\t\t\t\t\t\t\t\t<p>Nuestro Patronato act\u00faa como \u00f3rgano responsable de la gobernanza, representaci\u00f3n y gesti\u00f3n de la Fundaci\u00f3n. Su misi\u00f3n es asegurar el cumplimiento de los objetivos fundacionales y la adecuada administraci\u00f3n de los bienes y derechos que componen el patrimonio de la fundaci\u00f3n, garantizando su eficiencia y sostenibilidad. <\/p>\t\t\t\t\t\t\t\t<\/div>\n\t\t\t\t<\/div>\n\t\t\t\t\t<\/div>\n\t\t<\/div>\n\t\t\t\t\t<\/div>\n\t\t<\/section>\n\t\t\t\t<section class=\"elementor-section elementor-top-section elementor-element elementor-element-1332955 elementor-section-boxed elementor-section-height-default elementor-section-height-default\" data-id=\"1332955\" data-element_type=\"section\" data-e-type=\"section\">\n\t\t\t\t\t\t<div class=\"elementor-container elementor-column-gap-default\">\n\t\t\t\t\t<div class=\"elementor-column elementor-col-100 elementor-top-column elementor-element elementor-element-f8b603d\" data-id=\"f8b603d\" data-element_type=\"column\" data-e-type=\"column\">\n\t\t\t<div class=\"elementor-widget-wrap elementor-element-populated\">\n\t\t\t\t\t\t<div class=\"elementor-element elementor-element-3243df6 elementor-widget elementor-widget-heading\" data-id=\"3243df6\" data-element_type=\"widget\" data-e-type=\"widget\" data-widget_type=\"heading.default\">\n\t\t\t\t<div class=\"elementor-widget-container\">\n\t\t\t\t\t<h2 class=\"elementor-heading-title elementor-size-default\">Gl\u00f2ria Canals<\/h2>\t\t\t\t<\/div>\n\t\t\t\t<\/div>\n\t\t\t\t<div class=\"elementor-element elementor-element-a7cd7aa elementor-widget__width-initial elementor-widget elementor-widget-text-editor\" data-id=\"a7cd7aa\" data-element_type=\"widget\" data-e-type=\"widget\" data-widget_type=\"text-editor.default\">\n\t\t\t\t<div class=\"elementor-widget-container\">\n\t\t\t\t\t\t\t\t\t<p><strong>Presidenta<\/strong><\/p><p>Psic\u00f3loga cl\u00ednica y Pedagoga.<br> Cofundadora proyecto AURA<br><br><\/p><p><a href=\"https:\/\/aurafundacio.org\/es\/gloria-canals\/\">Ver m\u00e1s<\/a><br> <\/p>\t\t\t\t\t\t\t\t<\/div>\n\t\t\t\t<\/div>\n\t\t\t\t\t<\/div>\n\t\t<\/div>\n\t\t\t\t\t<\/div>\n\t\t<\/section>\n\t\t\t\t<section class=\"elementor-section elementor-top-section elementor-element elementor-element-ebe6078 elementor-section-boxed elementor-section-height-default elementor-section-height-default\" data-id=\"ebe6078\" data-element_type=\"section\" data-e-type=\"section\">\n\t\t\t\t\t\t<div class=\"elementor-container elementor-column-gap-default\">\n\t\t\t\t\t<div class=\"elementor-column elementor-col-33 elementor-top-column elementor-element elementor-element-13b483e\" data-id=\"13b483e\" data-element_type=\"column\" data-e-type=\"column\">\n\t\t\t<div class=\"elementor-widget-wrap elementor-element-populated\">\n\t\t\t\t\t\t<div class=\"elementor-element elementor-element-55547b2 elementor-widget elementor-widget-heading\" data-id=\"55547b2\" data-element_type=\"widget\" data-e-type=\"widget\" data-widget_type=\"heading.default\">\n\t\t\t\t<div class=\"elementor-widget-container\">\n\t\t\t\t\t<h2 class=\"elementor-heading-title elementor-size-default\">Maria Cabr\u00e9<\/h2>\t\t\t\t<\/div>\n\t\t\t\t<\/div>\n\t\t\t\t<div class=\"elementor-element elementor-element-6f79924 elementor-widget__width-initial elementor-widget elementor-widget-text-editor\" data-id=\"6f79924\" data-element_type=\"widget\" data-e-type=\"widget\" data-widget_type=\"text-editor.default\">\n\t\t\t\t<div class=\"elementor-widget-container\">\n\t\t\t\t\t\t\t\t\t<strong>Vocal<\/strong><br>\n Directora de AURA Fundaci\u00f3n.<br> Licenciada en Psicolog\u00eda y Psicopedagog\u00eda.<br> Programa Desarrollo Directivo (IESE)<br> MBA en EADA.\n&nbsp;\t\t\t\t\t\t\t\t<\/div>\n\t\t\t\t<\/div>\n\t\t\t\t\t<\/div>\n\t\t<\/div>\n\t\t\t\t<div class=\"elementor-column elementor-col-33 elementor-top-column elementor-element elementor-element-d6f6417\" data-id=\"d6f6417\" data-element_type=\"column\" data-e-type=\"column\">\n\t\t\t<div class=\"elementor-widget-wrap elementor-element-populated\">\n\t\t\t\t\t\t<div class=\"elementor-element elementor-element-1c8db29 elementor-widget elementor-widget-heading\" data-id=\"1c8db29\" data-element_type=\"widget\" data-e-type=\"widget\" data-widget_type=\"heading.default\">\n\t\t\t\t<div class=\"elementor-widget-container\">\n\t\t\t\t\t<h2 class=\"elementor-heading-title elementor-size-default\">Carme Llorens<\/h2>\t\t\t\t<\/div>\n\t\t\t\t<\/div>\n\t\t\t\t<div class=\"elementor-element elementor-element-e4c1419 elementor-widget__width-initial elementor-widget elementor-widget-text-editor\" data-id=\"e4c1419\" data-element_type=\"widget\" data-e-type=\"widget\" data-widget_type=\"text-editor.default\">\n\t\t\t\t<div class=\"elementor-widget-container\">\n\t\t\t\t\t\t\t\t\t<strong>Vocal<\/strong><br> Licenciada en Pedagog\u00eda.<br> Responsable de atenci\u00f3n a familias y participantes.\n\n\n&nbsp;\t\t\t\t\t\t\t\t<\/div>\n\t\t\t\t<\/div>\n\t\t\t\t\t<\/div>\n\t\t<\/div>\n\t\t\t\t<div class=\"elementor-column elementor-col-33 elementor-top-column elementor-element elementor-element-d18cdec\" data-id=\"d18cdec\" data-element_type=\"column\" data-e-type=\"column\">\n\t\t\t<div class=\"elementor-widget-wrap elementor-element-populated\">\n\t\t\t\t\t\t<div class=\"elementor-element elementor-element-92dbcc6 elementor-widget elementor-widget-heading\" data-id=\"92dbcc6\" data-element_type=\"widget\" data-e-type=\"widget\" data-widget_type=\"heading.default\">\n\t\t\t\t<div class=\"elementor-widget-container\">\n\t\t\t\t\t<h2 class=\"elementor-heading-title elementor-size-default\">Ramon Forn<\/h2>\t\t\t\t<\/div>\n\t\t\t\t<\/div>\n\t\t\t\t<div class=\"elementor-element elementor-element-43de77f elementor-widget__width-initial elementor-widget elementor-widget-text-editor\" data-id=\"43de77f\" data-element_type=\"widget\" data-e-type=\"widget\" data-widget_type=\"text-editor.default\">\n\t\t\t\t<div class=\"elementor-widget-container\">\n\t\t\t\t\t\t\t\t\t<strong>Vocal<\/strong><br> Ingeniero de Caminos, Canales y Puertos.<br> M\u00e1ster en Business Administration (ESADE).<br> M\u00e1ster en Science in Management (MIT).<br> Senior Partner Emeritus, Mckinsey &amp; Company.\n&nbsp;\t\t\t\t\t\t\t\t<\/div>\n\t\t\t\t<\/div>\n\t\t\t\t\t<\/div>\n\t\t<\/div>\n\t\t\t\t\t<\/div>\n\t\t<\/section>\n\t\t\t\t<section class=\"elementor-section elementor-top-section elementor-element elementor-element-6dc3c7b elementor-section-boxed elementor-section-height-default elementor-section-height-default\" data-id=\"6dc3c7b\" data-element_type=\"section\" data-e-type=\"section\">\n\t\t\t\t\t\t<div class=\"elementor-container elementor-column-gap-default\">\n\t\t\t\t\t<div class=\"elementor-column elementor-col-33 elementor-top-column elementor-element elementor-element-731c27d\" data-id=\"731c27d\" data-element_type=\"column\" data-e-type=\"column\">\n\t\t\t<div class=\"elementor-widget-wrap elementor-element-populated\">\n\t\t\t\t\t\t<div class=\"elementor-element elementor-element-8b19d32 elementor-widget elementor-widget-heading\" data-id=\"8b19d32\" data-element_type=\"widget\" data-e-type=\"widget\" data-widget_type=\"heading.default\">\n\t\t\t\t<div class=\"elementor-widget-container\">\n\t\t\t\t\t<h2 class=\"elementor-heading-title elementor-size-default\">David Garc\u00eda-Gassull<\/h2>\t\t\t\t<\/div>\n\t\t\t\t<\/div>\n\t\t\t\t<div class=\"elementor-element elementor-element-5399875 elementor-widget__width-initial elementor-widget elementor-widget-text-editor\" data-id=\"5399875\" data-element_type=\"widget\" data-e-type=\"widget\" data-widget_type=\"text-editor.default\">\n\t\t\t\t<div class=\"elementor-widget-container\">\n\t\t\t\t\t\t\t\t\t<p><strong>Vocal<\/strong><br> Economista.<br> CEO Splendid Foods.<\/p>\t\t\t\t\t\t\t\t<\/div>\n\t\t\t\t<\/div>\n\t\t\t\t\t<\/div>\n\t\t<\/div>\n\t\t\t\t<div class=\"elementor-column elementor-col-33 elementor-top-column elementor-element elementor-element-f43d33c\" data-id=\"f43d33c\" data-element_type=\"column\" data-e-type=\"column\">\n\t\t\t<div class=\"elementor-widget-wrap elementor-element-populated\">\n\t\t\t\t\t\t<div class=\"elementor-element elementor-element-a3a1cd3 elementor-widget elementor-widget-heading\" data-id=\"a3a1cd3\" data-element_type=\"widget\" data-e-type=\"widget\" data-widget_type=\"heading.default\">\n\t\t\t\t<div class=\"elementor-widget-container\">\n\t\t\t\t\t<h2 class=\"elementor-heading-title elementor-size-default\">Fernando Serrate<\/h2>\t\t\t\t<\/div>\n\t\t\t\t<\/div>\n\t\t\t\t<div class=\"elementor-element elementor-element-6de6867 elementor-widget__width-initial elementor-widget elementor-widget-text-editor\" data-id=\"6de6867\" data-element_type=\"widget\" data-e-type=\"widget\" data-widget_type=\"text-editor.default\">\n\t\t\t\t<div class=\"elementor-widget-container\">\n\t\t\t\t\t\t\t\t\t<p><strong>Vocal<\/strong><br> Licenciado en Ciencias Empreseriales.<br> Programa Desarrollo Directivo (IESE).<br> Programa Alta Direcci\u00f3n de Empresas (IESE).<\/p>\t\t\t\t\t\t\t\t<\/div>\n\t\t\t\t<\/div>\n\t\t\t\t\t<\/div>\n\t\t<\/div>\n\t\t\t\t<div class=\"elementor-column elementor-col-33 elementor-top-column elementor-element elementor-element-ec72c18\" data-id=\"ec72c18\" data-element_type=\"column\" data-e-type=\"column\">\n\t\t\t<div class=\"elementor-widget-wrap elementor-element-populated\">\n\t\t\t\t\t\t<div class=\"elementor-element elementor-element-39ece79 elementor-widget elementor-widget-heading\" data-id=\"39ece79\" data-element_type=\"widget\" data-e-type=\"widget\" data-widget_type=\"heading.default\">\n\t\t\t\t<div class=\"elementor-widget-container\">\n\t\t\t\t\t<h2 class=\"elementor-heading-title elementor-size-default\">Arturo Mas-Sard\u00e0<\/h2>\t\t\t\t<\/div>\n\t\t\t\t<\/div>\n\t\t\t\t<div class=\"elementor-element elementor-element-506bbf0 elementor-widget__width-initial elementor-widget elementor-widget-text-editor\" data-id=\"506bbf0\" data-element_type=\"widget\" data-e-type=\"widget\" data-widget_type=\"text-editor.default\">\n\t\t\t\t<div class=\"elementor-widget-container\">\n\t\t\t\t\t\t\t\t\t<strong>Vocal<\/strong><br> Licenciado en Ciencias Empreseriales y MBA por ESADE.\t\t\t\t\t\t\t\t<\/div>\n\t\t\t\t<\/div>\n\t\t\t\t\t<\/div>\n\t\t<\/div>\n\t\t\t\t\t<\/div>\n\t\t<\/section>\n\t\t\t\t<section class=\"elementor-section elementor-top-section elementor-element elementor-element-73e8358 elementor-section-boxed elementor-section-height-default elementor-section-height-default\" data-id=\"73e8358\" data-element_type=\"section\" data-e-type=\"section\">\n\t\t\t\t\t\t<div class=\"elementor-container elementor-column-gap-default\">\n\t\t\t\t\t<div class=\"elementor-column elementor-col-33 elementor-top-column elementor-element elementor-element-615d1f8\" data-id=\"615d1f8\" data-element_type=\"column\" data-e-type=\"column\">\n\t\t\t<div class=\"elementor-widget-wrap\">\n\t\t\t\t\t\t\t<\/div>\n\t\t<\/div>\n\t\t\t\t<div class=\"elementor-column elementor-col-33 elementor-top-column elementor-element elementor-element-6989b16\" data-id=\"6989b16\" data-element_type=\"column\" data-e-type=\"column\">\n\t\t\t<div class=\"elementor-widget-wrap elementor-element-populated\">\n\t\t\t\t\t\t<div class=\"elementor-element elementor-element-3587521 elementor-widget elementor-widget-heading\" data-id=\"3587521\" data-element_type=\"widget\" data-e-type=\"widget\" data-widget_type=\"heading.default\">\n\t\t\t\t<div class=\"elementor-widget-container\">\n\t\t\t\t\t<h2 class=\"elementor-heading-title elementor-size-default\">Jaume Marf\u00e0<\/h2>\t\t\t\t<\/div>\n\t\t\t\t<\/div>\n\t\t\t\t<div class=\"elementor-element elementor-element-18270a8 elementor-widget__width-initial elementor-widget elementor-widget-text-editor\" data-id=\"18270a8\" data-element_type=\"widget\" data-e-type=\"widget\" data-widget_type=\"text-editor.default\">\n\t\t\t\t<div class=\"elementor-widget-container\">\n\t\t\t\t\t\t\t\t\t<p><strong>Secretario No Patr\u00f3n<\/strong><br>Licenciado en derecho y MBD por ESADE.<br>Socio fundador de Marf\u00e0 Badaroux. <\/p>\t\t\t\t\t\t\t\t<\/div>\n\t\t\t\t<\/div>\n\t\t\t\t\t<\/div>\n\t\t<\/div>\n\t\t\t\t<div class=\"elementor-column elementor-col-33 elementor-top-column elementor-element elementor-element-5ddbbb2\" data-id=\"5ddbbb2\" data-element_type=\"column\" data-e-type=\"column\">\n\t\t\t<div class=\"elementor-widget-wrap\">\n\t\t\t\t\t\t\t<\/div>\n\t\t<\/div>\n\t\t\t\t\t<\/div>\n\t\t<\/section>\n\t\t\t\t<\/div>\n\t\t","protected":false},"excerpt":{"rendered":"<p>ELLAS Y ELLOS HACEN AURA Nuestro Patronato act\u00faa como \u00f3rgano responsable de la gobernanza, representaci\u00f3n y gesti\u00f3n de la Fundaci\u00f3n. Su misi\u00f3n es asegurar el cumplimiento de los objetivos fundacionales y la adecuada administraci\u00f3n de los bienes y derechos que componen el patrimonio de la fundaci\u00f3n, garantizando su eficiencia y sostenibilidad. Gl\u00f2ria Canals Presidenta Psic\u00f3loga [&hellip;]<\/p>\n","protected":false},"author":1,"featured_media":0,"parent":0,"menu_order":0,"comment_status":"closed","ping_status":"closed","template":"","meta":{"footnotes":""},"class_list":["post-362","page","type-page","status-publish","hentry"],"yoast_head":"<!-- This site is optimized with the Yoast SEO plugin v27.3 - https:\/\/yoast.com\/product\/yoast-seo-wordpress\/ -->\n<title>Patronato - Aura fundaci\u00f3<\/title>\n<meta name=\"robots\" content=\"index, follow, max-snippet:-1, max-image-preview:large, max-video-preview:-1\" \/>\n<link rel=\"canonical\" href=\"https:\/\/aurafundacio.org\/es\/patronato\/\" \/>\n<meta property=\"og:locale\" content=\"es_ES\" \/>\n<meta property=\"og:type\" content=\"article\" \/>\n<meta property=\"og:title\" content=\"Patronato - Aura fundaci\u00f3\" \/>\n<meta property=\"og:description\" content=\"ELLAS Y ELLOS HACEN AURA Nuestro Patronato act\u00faa como \u00f3rgano responsable de la gobernanza, representaci\u00f3n y gesti\u00f3n de la Fundaci\u00f3n. Su misi\u00f3n es asegurar el cumplimiento de los objetivos fundacionales y la adecuada administraci\u00f3n de los bienes y derechos que componen el patrimonio de la fundaci\u00f3n, garantizando su eficiencia y sostenibilidad. Gl\u00f2ria Canals Presidenta Psic\u00f3loga [&hellip;]\" \/>\n<meta property=\"og:url\" content=\"https:\/\/aurafundacio.org\/es\/patronato\/\" \/>\n<meta property=\"og:site_name\" content=\"Aura fundaci\u00f3\" \/>\n<meta property=\"article:modified_time\" content=\"2026-03-02T08:28:37+00:00\" \/>\n<meta name=\"twitter:card\" content=\"summary_large_image\" \/>\n<meta name=\"twitter:label1\" content=\"Tiempo de lectura\" \/>\n\t<meta name=\"twitter:data1\" content=\"1 minuto\" \/>\n<script type=\"application\/ld+json\" class=\"yoast-schema-graph\">{\"@context\":\"https:\\\/\\\/schema.org\",\"@graph\":[{\"@type\":\"WebPage\",\"@id\":\"https:\\\/\\\/aurafundacio.org\\\/es\\\/patronato\\\/\",\"url\":\"https:\\\/\\\/aurafundacio.org\\\/es\\\/patronato\\\/\",\"name\":\"Patronato - Aura fundaci\u00f3\",\"isPartOf\":{\"@id\":\"https:\\\/\\\/aurafundacio.org\\\/es\\\/#website\"},\"datePublished\":\"2022-09-02T06:58:24+00:00\",\"dateModified\":\"2026-03-02T08:28:37+00:00\",\"breadcrumb\":{\"@id\":\"https:\\\/\\\/aurafundacio.org\\\/es\\\/patronato\\\/#breadcrumb\"},\"inLanguage\":\"es\",\"potentialAction\":[{\"@type\":\"ReadAction\",\"target\":[\"https:\\\/\\\/aurafundacio.org\\\/es\\\/patronato\\\/\"]}]},{\"@type\":\"BreadcrumbList\",\"@id\":\"https:\\\/\\\/aurafundacio.org\\\/es\\\/patronato\\\/#breadcrumb\",\"itemListElement\":[{\"@type\":\"ListItem\",\"position\":1,\"name\":\"Home\",\"item\":\"https:\\\/\\\/aurafundacio.org\\\/es\\\/hombre\\\/\"},{\"@type\":\"ListItem\",\"position\":2,\"name\":\"Patronato\"}]},{\"@type\":\"WebSite\",\"@id\":\"https:\\\/\\\/aurafundacio.org\\\/es\\\/#website\",\"url\":\"https:\\\/\\\/aurafundacio.org\\\/es\\\/\",\"name\":\"Aura fundaci\u00f3\",\"description\":\"Serveis per a la inclusi\u00f3 social i laboral de persones amb discapacitat intel\u00b7lectual.\",\"publisher\":{\"@id\":\"https:\\\/\\\/aurafundacio.org\\\/es\\\/#organization\"},\"potentialAction\":[{\"@type\":\"SearchAction\",\"target\":{\"@type\":\"EntryPoint\",\"urlTemplate\":\"https:\\\/\\\/aurafundacio.org\\\/es\\\/?s={search_term_string}\"},\"query-input\":{\"@type\":\"PropertyValueSpecification\",\"valueRequired\":true,\"valueName\":\"search_term_string\"}}],\"inLanguage\":\"es\"},{\"@type\":\"Organization\",\"@id\":\"https:\\\/\\\/aurafundacio.org\\\/es\\\/#organization\",\"name\":\"Aura fundaci\u00f3\",\"url\":\"https:\\\/\\\/aurafundacio.org\\\/es\\\/\",\"logo\":{\"@type\":\"ImageObject\",\"inLanguage\":\"es\",\"@id\":\"https:\\\/\\\/aurafundacio.org\\\/es\\\/#\\\/schema\\\/logo\\\/image\\\/\",\"url\":\"https:\\\/\\\/aurafundacio.org\\\/wp-content\\\/uploads\\\/2026\\\/01\\\/LOGO-WEB-2-4.png\",\"contentUrl\":\"https:\\\/\\\/aurafundacio.org\\\/wp-content\\\/uploads\\\/2026\\\/01\\\/LOGO-WEB-2-4.png\",\"width\":130,\"height\":200,\"caption\":\"Aura fundaci\u00f3\"},\"image\":{\"@id\":\"https:\\\/\\\/aurafundacio.org\\\/es\\\/#\\\/schema\\\/logo\\\/image\\\/\"}}]}<\/script>\n<!-- \/ Yoast SEO plugin. -->","yoast_head_json":{"title":"Patronato - Aura fundaci\u00f3","robots":{"index":"index","follow":"follow","max-snippet":"max-snippet:-1","max-image-preview":"max-image-preview:large","max-video-preview":"max-video-preview:-1"},"canonical":"https:\/\/aurafundacio.org\/es\/patronato\/","og_locale":"es_ES","og_type":"article","og_title":"Patronato - Aura fundaci\u00f3","og_description":"ELLAS Y ELLOS HACEN AURA Nuestro Patronato act\u00faa como \u00f3rgano responsable de la gobernanza, representaci\u00f3n y gesti\u00f3n de la Fundaci\u00f3n. Su misi\u00f3n es asegurar el cumplimiento de los objetivos fundacionales y la adecuada administraci\u00f3n de los bienes y derechos que componen el patrimonio de la fundaci\u00f3n, garantizando su eficiencia y sostenibilidad. Gl\u00f2ria Canals Presidenta Psic\u00f3loga [&hellip;]","og_url":"https:\/\/aurafundacio.org\/es\/patronato\/","og_site_name":"Aura fundaci\u00f3","article_modified_time":"2026-03-02T08:28:37+00:00","twitter_card":"summary_large_image","twitter_misc":{"Tiempo de lectura":"1 minuto"},"schema":{"@context":"https:\/\/schema.org","@graph":[{"@type":"WebPage","@id":"https:\/\/aurafundacio.org\/es\/patronato\/","url":"https:\/\/aurafundacio.org\/es\/patronato\/","name":"Patronato - Aura fundaci\u00f3","isPartOf":{"@id":"https:\/\/aurafundacio.org\/es\/#website"},"datePublished":"2022-09-02T06:58:24+00:00","dateModified":"2026-03-02T08:28:37+00:00","breadcrumb":{"@id":"https:\/\/aurafundacio.org\/es\/patronato\/#breadcrumb"},"inLanguage":"es","potentialAction":[{"@type":"ReadAction","target":["https:\/\/aurafundacio.org\/es\/patronato\/"]}]},{"@type":"BreadcrumbList","@id":"https:\/\/aurafundacio.org\/es\/patronato\/#breadcrumb","itemListElement":[{"@type":"ListItem","position":1,"name":"Home","item":"https:\/\/aurafundacio.org\/es\/hombre\/"},{"@type":"ListItem","position":2,"name":"Patronato"}]},{"@type":"WebSite","@id":"https:\/\/aurafundacio.org\/es\/#website","url":"https:\/\/aurafundacio.org\/es\/","name":"Aura fundaci\u00f3","description":"Serveis per a la inclusi\u00f3 social i laboral de persones amb discapacitat intel\u00b7lectual.","publisher":{"@id":"https:\/\/aurafundacio.org\/es\/#organization"},"potentialAction":[{"@type":"SearchAction","target":{"@type":"EntryPoint","urlTemplate":"https:\/\/aurafundacio.org\/es\/?s={search_term_string}"},"query-input":{"@type":"PropertyValueSpecification","valueRequired":true,"valueName":"search_term_string"}}],"inLanguage":"es"},{"@type":"Organization","@id":"https:\/\/aurafundacio.org\/es\/#organization","name":"Aura fundaci\u00f3","url":"https:\/\/aurafundacio.org\/es\/","logo":{"@type":"ImageObject","inLanguage":"es","@id":"https:\/\/aurafundacio.org\/es\/#\/schema\/logo\/image\/","url":"https:\/\/aurafundacio.org\/wp-content\/uploads\/2026\/01\/LOGO-WEB-2-4.png","contentUrl":"https:\/\/aurafundacio.org\/wp-content\/uploads\/2026\/01\/LOGO-WEB-2-4.png","width":130,"height":200,"caption":"Aura fundaci\u00f3"},"image":{"@id":"https:\/\/aurafundacio.org\/es\/#\/schema\/logo\/image\/"}}]}},"_links":{"self":[{"href":"https:\/\/aurafundacio.org\/es\/wp-json\/wp\/v2\/pages\/362","targetHints":{"allow":["GET"]}}],"collection":[{"href":"https:\/\/aurafundacio.org\/es\/wp-json\/wp\/v2\/pages"}],"about":[{"href":"https:\/\/aurafundacio.org\/es\/wp-json\/wp\/v2\/types\/page"}],"author":[{"embeddable":true,"href":"https:\/\/aurafundacio.org\/es\/wp-json\/wp\/v2\/users\/1"}],"replies":[{"embeddable":true,"href":"https:\/\/aurafundacio.org\/es\/wp-json\/wp\/v2\/comments?post=362"}],"version-history":[{"count":17,"href":"https:\/\/aurafundacio.org\/es\/wp-json\/wp\/v2\/pages\/362\/revisions"}],"predecessor-version":[{"id":5824,"href":"https:\/\/aurafundacio.org\/es\/wp-json\/wp\/v2\/pages\/362\/revisions\/5824"}],"wp:attachment":[{"href":"https:\/\/aurafundacio.org\/es\/wp-json\/wp\/v2\/media?parent=362"}],"curies":[{"name":"wp","href":"https:\/\/api.w.org\/{rel}","templated":true}]}}