{"id":343,"date":"2022-09-02T06:53:17","date_gmt":"2022-09-02T06:53:17","guid":{"rendered":"https:\/\/marcb88.sg-host.com\/quienes-somos\/"},"modified":"2026-02-23T09:28:04","modified_gmt":"2026-02-23T09:28:04","slug":"quienes-somos","status":"publish","type":"page","link":"https:\/\/aurafundacio.org\/es\/quienes-somos\/","title":{"rendered":"Aura"},"content":{"rendered":"\t\t<div data-elementor-type=\"wp-page\" data-elementor-id=\"343\" class=\"elementor elementor-343 elementor-336\" data-elementor-post-type=\"page\">\n\t\t\t\t\t\t<section class=\"elementor-section elementor-top-section elementor-element elementor-element-fd16d8b elementor-section-boxed elementor-section-height-default elementor-section-height-default\" data-id=\"fd16d8b\" data-element_type=\"section\" data-e-type=\"section\">\n\t\t\t\t\t\t<div class=\"elementor-container elementor-column-gap-default\">\n\t\t\t\t\t<div class=\"elementor-column elementor-col-100 elementor-top-column elementor-element elementor-element-7209b3e\" data-id=\"7209b3e\" data-element_type=\"column\" data-e-type=\"column\">\n\t\t\t<div class=\"elementor-widget-wrap elementor-element-populated\">\n\t\t\t\t\t\t<div class=\"elementor-element elementor-element-b254f41 elementor-widget elementor-widget-image\" data-id=\"b254f41\" data-element_type=\"widget\" data-e-type=\"widget\" data-widget_type=\"image.default\">\n\t\t\t\t<div class=\"elementor-widget-container\">\n\t\t\t\t\t\t\t\t\t\t\t\t\t\t\t<img fetchpriority=\"high\" decoding=\"async\" width=\"768\" height=\"480\" src=\"https:\/\/aurafundacio.org\/wp-content\/uploads\/2024\/11\/Ponencia-AURA-Seu-ONU-NYC-768x480.jpg\" class=\"attachment-medium_large size-medium_large wp-image-2709\" alt=\"\" srcset=\"https:\/\/aurafundacio.org\/wp-content\/uploads\/2024\/11\/Ponencia-AURA-Seu-ONU-NYC-768x480.jpg 768w, https:\/\/aurafundacio.org\/wp-content\/uploads\/2024\/11\/Ponencia-AURA-Seu-ONU-NYC-300x187.jpg 300w, https:\/\/aurafundacio.org\/wp-content\/uploads\/2024\/11\/Ponencia-AURA-Seu-ONU-NYC-1024x640.jpg 1024w, https:\/\/aurafundacio.org\/wp-content\/uploads\/2024\/11\/Ponencia-AURA-Seu-ONU-NYC-1536x960.jpg 1536w, https:\/\/aurafundacio.org\/wp-content\/uploads\/2024\/11\/Ponencia-AURA-Seu-ONU-NYC-2048x1280.jpg 2048w, https:\/\/aurafundacio.org\/wp-content\/uploads\/2024\/11\/Ponencia-AURA-Seu-ONU-NYC-600x375.jpg 600w\" sizes=\"(max-width: 768px) 100vw, 768px\" \/>\t\t\t\t\t\t\t\t\t\t\t\t\t\t\t<\/div>\n\t\t\t\t<\/div>\n\t\t\t\t\t<\/div>\n\t\t<\/div>\n\t\t\t\t\t<\/div>\n\t\t<\/section>\n\t\t\t\t<section class=\"elementor-section elementor-top-section elementor-element elementor-element-135d2cc elementor-section-boxed elementor-section-height-default elementor-section-height-default\" data-id=\"135d2cc\" data-element_type=\"section\" data-e-type=\"section\">\n\t\t\t\t\t\t<div class=\"elementor-container elementor-column-gap-default\">\n\t\t\t\t\t<div class=\"elementor-column elementor-col-100 elementor-top-column elementor-element elementor-element-9bb5302\" data-id=\"9bb5302\" data-element_type=\"column\" data-e-type=\"column\">\n\t\t\t<div class=\"elementor-widget-wrap elementor-element-populated\">\n\t\t\t\t\t\t<div class=\"elementor-element elementor-element-90059af elementor-widget elementor-widget-text-editor\" data-id=\"90059af\" data-element_type=\"widget\" data-e-type=\"widget\" data-widget_type=\"text-editor.default\">\n\t\t\t\t<div class=\"elementor-widget-container\">\n\t\t\t\t\t\t\t\t\t<p><strong>NUESTRA MISI\u00d3N<\/strong> desde 1989 es mejorar la calidad de vida de personas con discapacidad intelectual mediante su inclusi\u00f3n social y laboral, siguiendo la metodolog\u00eda \u201cVida y Empleo con Apoyo\u201d.<\/p><p><strong>NUESTRA VISI\u00d3N<\/strong> impulsa la creaci\u00f3n de una sociedad inclusiva y equitativa donde todas las personas con discapacidad intelectual sean reconocidas por su valor \u00fanico, disfruten de igualdad de oportunidades, y puedan participar plenamente en todos los aspectos de la vida, consiguiendo su m\u00e1ximo potencial en un entorno de respeto, apoyo y empoderamiento.<\/p><p><strong>NUESTROS VALORES:<\/strong><\/p><p><strong>#Inclusi\u00f3n:<\/strong> Creemos en una sociedad donde cada persona sea aceptada y valorada por sus capacidades, y pueda participar plenamente sin discriminaci\u00f3n.<\/p><p><strong>#Respeto:<\/strong> Valoramos la singularidad de cada persona, tratando todas con dignidad y reconociendo sus derechos, sue\u00f1os y logros.<\/p><p><strong>#Empoderamiento:<\/strong> Nos comprometemos a ayudar a cada persona a alcanzar su m\u00e1ximo potencial, brind\u00e1ndoles herramientas y soporte para que puedan tomar el control de sus vidas con confianza.<\/p><p><strong>#Transparencia:<\/strong> Creemos en la honestidad y la humildad, compartimos con claridad nuestro trabajo y gesti\u00f3n de los recursos para construir relaciones s\u00f3lidas y duraderas con nuestra comunidad.<\/p><p><strong>#Colaboraci\u00f3n:<\/strong> Creemos en la fuerza de las alianzas y el trabajo en red, con las familias, las personas con discapacidad, el tejido empresarial y la sociedad para maximizar el impacto de nuestras acciones en la vida de nuestras personas participantes .<\/p>\t\t\t\t\t\t\t\t<\/div>\n\t\t\t\t<\/div>\n\t\t\t\t\t<\/div>\n\t\t<\/div>\n\t\t\t\t\t<\/div>\n\t\t<\/section>\n\t\t\t\t<section class=\"elementor-section elementor-top-section elementor-element elementor-element-2b5207a elementor-section-boxed elementor-section-height-default elementor-section-height-default\" data-id=\"2b5207a\" data-element_type=\"section\" data-e-type=\"section\">\n\t\t\t\t\t\t<div class=\"elementor-container elementor-column-gap-default\">\n\t\t\t\t\t<div class=\"elementor-column elementor-col-100 elementor-top-column elementor-element elementor-element-6dda19a\" data-id=\"6dda19a\" data-element_type=\"column\" data-e-type=\"column\">\n\t\t\t<div class=\"elementor-widget-wrap elementor-element-populated\">\n\t\t\t\t\t\t<div class=\"elementor-element elementor-element-890d34c elementor-widget elementor-widget-text-editor\" data-id=\"890d34c\" data-element_type=\"widget\" data-e-type=\"widget\" data-widget_type=\"text-editor.default\">\n\t\t\t\t<div class=\"elementor-widget-container\">\n\t\t\t\t\t\t\t\t\t<p><strong>NUESTRA HISTORIA:<\/strong><\/p><p>En 1989, Gl\u00f2ria Canals y Montserrat Dom\u00e8nech, psic\u00f3logas y licenciadas en pedagog\u00eda, impulsadas por una visi\u00f3n de cambio y un profundo compromiso, crearon el primer proyecto de \u00abEmpleo con Apoyo\u00bb en Espa\u00f1a. Su sue\u00f1o era traspasar las barreras impuestas y abrir un camino lleno de oportunidades para las personas con discapacidad intelectual. <\/p><p>Desde sus inicios, AURA ha estado a la vanguardia de la inclusi\u00f3n laboral para personas con discapacidad intelectual. Pionera en Espa\u00f1a y Europa, la Fundaci\u00f3n no s\u00f3lo adopt\u00f3 esta metodolog\u00eda innovadora, sino que tambi\u00e9n impuls\u00f3 a la Asociaci\u00f3n Espa\u00f1ola de Empleo con Apoyo y la Asociaci\u00f3n Catalana de Empleo con Apoyo, para compartir y expandir este modelo. <\/p><p>Inspirada en el modelo nacido en Estados Unidos en los a\u00f1os 80, AURA ha desarrollado estrategias personalizadas para facilitar la integraci\u00f3n de personas con discapacidad intelectual en entornos laborales ordinarios.<\/p><p>A lo largo de tres d\u00e9cadas, AURA ha tenido el privilegio de ayudar a much\u00edsimas personas con discapacidad intelectual a encontrar su puesto en empresas de renombre, validando as\u00ed que la inclusi\u00f3n laboral no s\u00f3lo es posible, sino que puede ser un \u00e9xito cuando se brinda el apoyo necesario. Nuestro compromiso es seguir colaborando con la comunidad empresarial y otras organizaciones para construir un futuro en el que nadie se quede atr\u00e1s. <\/p><p>Hoy, AURA es un referente de esperanza y de progreso, inspirando a muchas otras organizaciones a seguir nuestro camino. Continuamos avanzando con pasi\u00f3n, buscando nuevas formas de promover una sociedad inclusiva y equitativa para todos. <\/p>\t\t\t\t\t\t\t\t<\/div>\n\t\t\t\t<\/div>\n\t\t\t\t\t<\/div>\n\t\t<\/div>\n\t\t\t\t\t<\/div>\n\t\t<\/section>\n\t\t\t\t<section class=\"elementor-section elementor-top-section elementor-element elementor-element-b091e06 elementor-section-boxed elementor-section-height-default elementor-section-height-default\" data-id=\"b091e06\" data-element_type=\"section\" data-e-type=\"section\">\n\t\t\t\t\t\t<div class=\"elementor-container elementor-column-gap-default\">\n\t\t\t\t\t<div class=\"elementor-column elementor-col-100 elementor-top-column elementor-element elementor-element-b79eb31\" data-id=\"b79eb31\" data-element_type=\"column\" data-e-type=\"column\">\n\t\t\t<div class=\"elementor-widget-wrap elementor-element-populated\">\n\t\t\t\t\t\t<div class=\"elementor-element elementor-element-b2ec168 elementor-widget elementor-widget-accordion\" data-id=\"b2ec168\" data-element_type=\"widget\" data-e-type=\"widget\" data-widget_type=\"accordion.default\">\n\t\t\t\t<div class=\"elementor-widget-container\">\n\t\t\t\t\t\t\t<div class=\"elementor-accordion\">\n\t\t\t\t\t\t\t<div class=\"elementor-accordion-item\">\n\t\t\t\t\t<div id=\"elementor-tab-title-1871\" class=\"elementor-tab-title\" data-tab=\"1\" role=\"button\" aria-controls=\"elementor-tab-content-1871\" aria-expanded=\"false\">\n\t\t\t\t\t\t\t\t\t\t\t\t\t<span class=\"elementor-accordion-icon elementor-accordion-icon-left\" aria-hidden=\"true\">\n\t\t\t\t\t\t\t\t\t\t\t\t\t\t\t<span class=\"elementor-accordion-icon-closed\"><i class=\"fas fa-plus\"><\/i><\/span>\n\t\t\t\t\t\t\t\t<span class=\"elementor-accordion-icon-opened\"><i class=\"fas fa-minus\"><\/i><\/span>\n\t\t\t\t\t\t\t\t\t\t\t\t\t\t<\/span>\n\t\t\t\t\t\t\t\t\t\t\t\t<a class=\"elementor-accordion-title\" tabindex=\"0\">PREMIOS Y RECONOCIMIENTOS<\/a>\n\t\t\t\t\t<\/div>\n\t\t\t\t\t<div id=\"elementor-tab-content-1871\" class=\"elementor-tab-content elementor-clearfix\" data-tab=\"1\" role=\"region\" aria-labelledby=\"elementor-tab-title-1871\"><p>A lo largo de estas tres d\u00e9cadas, la Fundaci\u00f3n AURA ha recibido los siguientes reconocimientos:<\/p>\n<ul>\n<li>XVII Premios Gaud\u00ed Gresol a D\u00aa. Gloria Canals, presidenta de AURA, en la categor\u00eda de catalana Ilustre, por su contribuci\u00f3n a la mejora de la calidad de vida de las personas con discapacidad Intelectual (2024). <\/li>\n<li>XI Premio al Voluntariado Universitario, otorgado por la Fundaci\u00f3n Mutua Madrile\u00f1a (2023).<\/li>\n<li>Medalla de honor del Ayuntamiento de Barcelona a los valores c\u00edvicos y compromiso comunitario de la Fundaci\u00f3 Aura (2023).<\/li>\n<li>Premio Solitario ONCE Catalunya 2022, a D\u00aa. Gloria Canals, presidenta de AURA, por su trayectoria profesional y su contribuci\u00f3n a la mejora de la calidad de vida de las personas con Discapacidad Intelectual. <\/li>\n<li>Premio \u201cWorld Down Syndrome Day 2019\u201d del 14\u00ba Congreso Mundial del S\u00edndrome de Down (WDSC) en Dubai, Emiratos \u00c1rabes Unidos (noviembre de 2020).<\/li>\n<li>Reconocimiento \u00abLas cosas que importan\u00bb, por la gesti\u00f3n del COVID m\u00e1s all\u00e1 de nuestro trabajo diario, de Business with Social Value (septiembre 2020).<\/li>\n<li>Premio Pi\u00f1ol a la mejor trayectoria a favor de empleo (2019).<\/li>\n<li>Premio a AURA por el trabajo en inserci\u00f3n social y laboral HUMANA (2016).<\/li>\n<li>Placa conmemorativa de la Generalidad de Catalu\u00f1a con motivo del 25 aniversario de Aura Fundaci\u00f3 (2014).<\/li>\n<li>Reconocimiento de AESE por el impulso del Empleo con Apoyo al Pa\u00eds (Madrid 2013).<\/li>\n<li>Premio \u00e1mbito de la Discapacidad, Fundaci\u00f3 Agrupaci\u00f3 M\u00fatua (2009).<\/li>\n<li>Reconocimiento a los 20 a\u00f1os, el Simposio de empleo con apoyo (Bilbao 2009).<\/li>\n<li>Premio TaS Caja Madrid a la instituci\u00f3n m\u00e1s veterana en aplicar la metodolog\u00eda del Trabajo con Apoyo (2008).<\/li>\n<li>Premio Obra Social Caixa Sabadell (2006).<\/li>\n<li>Premio IMSERSO a la integraci\u00f3n laboral de personas con discapacidad (1999).<\/li>\n<li>Premio al Compromiso 1\u00ba de mayo Rafael Campalans (1998).<\/li>\n<\/ul>\n<p><strong> <\/strong><\/p>\n<\/div>\n\t\t\t\t<\/div>\n\t\t\t\t\t\t\t\t<\/div>\n\t\t\t\t\t\t<\/div>\n\t\t\t\t<\/div>\n\t\t\t\t\t<\/div>\n\t\t<\/div>\n\t\t\t\t\t<\/div>\n\t\t<\/section>\n\t\t\t\t<section class=\"elementor-section elementor-top-section elementor-element elementor-element-176879e elementor-section-boxed elementor-section-height-default elementor-section-height-default\" data-id=\"176879e\" data-element_type=\"section\" data-e-type=\"section\">\n\t\t\t\t\t\t<div class=\"elementor-container elementor-column-gap-default\">\n\t\t\t\t\t<div class=\"elementor-column elementor-col-100 elementor-top-column elementor-element elementor-element-0e53c81\" data-id=\"0e53c81\" data-element_type=\"column\" data-e-type=\"column\">\n\t\t\t<div class=\"elementor-widget-wrap elementor-element-populated\">\n\t\t\t\t\t\t<div class=\"elementor-element elementor-element-d63b226 elementor-widget elementor-widget-accordion\" data-id=\"d63b226\" data-element_type=\"widget\" data-e-type=\"widget\" data-widget_type=\"accordion.default\">\n\t\t\t\t<div class=\"elementor-widget-container\">\n\t\t\t\t\t\t\t<div class=\"elementor-accordion\">\n\t\t\t\t\t\t\t<div class=\"elementor-accordion-item\">\n\t\t\t\t\t<div id=\"elementor-tab-title-2241\" class=\"elementor-tab-title\" data-tab=\"1\" role=\"button\" aria-controls=\"elementor-tab-content-2241\" aria-expanded=\"false\">\n\t\t\t\t\t\t\t\t\t\t\t\t\t<span class=\"elementor-accordion-icon elementor-accordion-icon-left\" aria-hidden=\"true\">\n\t\t\t\t\t\t\t\t\t\t\t\t\t\t\t<span class=\"elementor-accordion-icon-closed\"><i class=\"fas fa-plus\"><\/i><\/span>\n\t\t\t\t\t\t\t\t<span class=\"elementor-accordion-icon-opened\"><i class=\"fas fa-minus\"><\/i><\/span>\n\t\t\t\t\t\t\t\t\t\t\t\t\t\t<\/span>\n\t\t\t\t\t\t\t\t\t\t\t\t<a class=\"elementor-accordion-title\" tabindex=\"0\">AURA EN RED<\/a>\n\t\t\t\t\t<\/div>\n\t\t\t\t\t<div id=\"elementor-tab-content-2241\" class=\"elementor-tab-content elementor-clearfix\" data-tab=\"1\" role=\"region\" aria-labelledby=\"elementor-tab-title-2241\"><p><strong>INTERNACIONALES<\/strong><\/p>\n<p><a href=\"https:\/\/a4se.eu\/\">ASEE<\/a><\/p>\n<p><a href=\"https:\/\/wase.ca\">WASE<\/a><\/p>\n<p><a href=\"https:\/\/www.epr.eu\/\">EPR<\/a><\/p>\n<p><a href=\"https:\/\/apse.org\">APSE<\/a><\/p>\n<p><a href=\"https:\/\/www.down21.org\">FUNDACI\u00d3N IBEROAMERICANA DOWN21<\/a><\/p>\n<p><strong>NACIONALES<\/strong><\/p>\n<p><a href=\"https:\/\/empleoconapoyo.org\">AESE<\/a><\/p>\n<p><a href=\"https:\/\/www.sindromedown.org\">Down Espa\u00f1a<\/a><\/p>\n<p><a href=\"https:\/\/www.plenainclusion.org\">Llena Inclusi\u00f3n<\/a><\/p>\n<p><a href=\"https:\/\/www.fundaciononce.es\/es\">FUNDACI\u00d3N ONCE<\/a><\/p>\n<p><a href=\"https:\/\/alianzatransicioninclusiva.com\/\">Alianza para la transici\u00f3n energ\u00e9tica inclusiva<\/a><\/p>\n<p><a href=\"https:\/\/incorpora.fundacionlacaixa.org\/ca\/\" style=\"background-color: rgb(255, 255, 255); color: rgb(247, 54, 76);\">Incorpora de la Fundaci\u00f3n \u00abla Caixa\u00bb<\/a><\/p>\n<p><strong>AUTON\u00d3MICAS<\/strong><\/p>\n<p><a href=\"https:\/\/actas.cat\">ACTAS<\/a><\/p>\n<p><a href=\"https:\/\/www.sindromedown.cat\">Down Catalu\u00f1a<\/a><\/p>\n<p><a href=\"https:\/\/www.dincat.cat\">DINCADO<\/a><\/p>\n<p><a href=\"https:\/\/www.cocarmi.cat\">COCARMI<\/a><\/p>\n<p><a href=\"https:\/\/ccfundacions.cat\">Coordinadora catalana de fundaciones<\/a><\/p>\n<p><strong>LOCALES<\/strong><\/p>\n<p><a href=\"https:\/\/www.fundacionendeu.org\">Fundaci\u00f3n Ni\u00f1o Dios  <\/a><\/p>\n<p><a href=\"https:\/\/fundacioestimia.org\">Fundaci\u00f3n Estimia<\/a><\/p>\n<p><a href=\"https:\/\/fundacionprodis.org\">Fundaci\u00f3n Prodis Madrid<\/a><\/p>\n<p><a href=\"https:\/\/www.escolalexia.com\/ca\/\">Escuela Lexia<\/a><\/p>\n<p>Fundaci\u00f3n Paideia<\/p>\n<p><a href=\"https:\/\/www.url.edu\/ca\">Universidad Ramon Llull<\/a><\/p>\n<p>XFIL<\/p>\n<p>XHIS<\/p>\n<p>&nbsp;<a href=\"https:\/\/www.barcelona.cat\/barcelonainclusiva\/ca\/xarxa13.html\">XIB  <\/a><\/p>\n<p><a href=\"https:\/\/www.barcelona.cat\/barcelonainclusiva\/ca\/xarxa16.html\">XAVI<\/a><\/p>\n<\/div>\n\t\t\t\t<\/div>\n\t\t\t\t\t\t\t\t<\/div>\n\t\t\t\t\t\t<\/div>\n\t\t\t\t<\/div>\n\t\t\t\t\t<\/div>\n\t\t<\/div>\n\t\t\t\t\t<\/div>\n\t\t<\/section>\n\t\t\t\t<\/div>\n\t\t","protected":false},"excerpt":{"rendered":"<p>NUESTRA MISI\u00d3N desde 1989 es mejorar la calidad de vida de personas con discapacidad intelectual mediante su inclusi\u00f3n social y laboral, siguiendo la metodolog\u00eda \u201cVida y Empleo con Apoyo\u201d. NUESTRA VISI\u00d3N impulsa la creaci\u00f3n de una sociedad inclusiva y equitativa donde todas las personas con discapacidad intelectual sean reconocidas por su valor \u00fanico, disfruten de [&hellip;]<\/p>\n","protected":false},"author":1,"featured_media":0,"parent":0,"menu_order":0,"comment_status":"closed","ping_status":"closed","template":"","meta":{"footnotes":""},"class_list":["post-343","page","type-page","status-publish","hentry"],"yoast_head":"<!-- This site is optimized with the Yoast SEO plugin v27.4 - https:\/\/yoast.com\/product\/yoast-seo-wordpress\/ -->\n<title>Aura - Aura fundaci\u00f3<\/title>\n<meta name=\"robots\" content=\"index, follow, max-snippet:-1, max-image-preview:large, max-video-preview:-1\" \/>\n<link rel=\"canonical\" href=\"https:\/\/aurafundacio.org\/es\/quienes-somos\/\" \/>\n<meta property=\"og:locale\" content=\"es_ES\" \/>\n<meta property=\"og:type\" content=\"article\" \/>\n<meta property=\"og:title\" content=\"Aura - Aura fundaci\u00f3\" \/>\n<meta property=\"og:description\" content=\"NUESTRA MISI\u00d3N desde 1989 es mejorar la calidad de vida de personas con discapacidad intelectual mediante su inclusi\u00f3n social y laboral, siguiendo la metodolog\u00eda \u201cVida y Empleo con Apoyo\u201d. NUESTRA VISI\u00d3N impulsa la creaci\u00f3n de una sociedad inclusiva y equitativa donde todas las personas con discapacidad intelectual sean reconocidas por su valor \u00fanico, disfruten de [&hellip;]\" \/>\n<meta property=\"og:url\" content=\"https:\/\/aurafundacio.org\/es\/quienes-somos\/\" \/>\n<meta property=\"og:site_name\" content=\"Aura fundaci\u00f3\" \/>\n<meta property=\"article:modified_time\" content=\"2026-02-23T09:28:04+00:00\" \/>\n<meta property=\"og:image\" content=\"https:\/\/aurafundacio.org\/wp-content\/uploads\/2024\/11\/Ponencia-AURA-Seu-ONU-NYC-scaled.jpg\" \/>\n\t<meta property=\"og:image:width\" content=\"2560\" \/>\n\t<meta property=\"og:image:height\" content=\"1600\" \/>\n\t<meta property=\"og:image:type\" content=\"image\/jpeg\" \/>\n<meta name=\"twitter:card\" content=\"summary_large_image\" \/>\n<meta name=\"twitter:label1\" content=\"Tiempo de lectura\" \/>\n\t<meta name=\"twitter:data1\" content=\"4 minutos\" \/>\n<script type=\"application\/ld+json\" class=\"yoast-schema-graph\">{\"@context\":\"https:\\\/\\\/schema.org\",\"@graph\":[{\"@type\":\"WebPage\",\"@id\":\"https:\\\/\\\/aurafundacio.org\\\/es\\\/quienes-somos\\\/\",\"url\":\"https:\\\/\\\/aurafundacio.org\\\/es\\\/quienes-somos\\\/\",\"name\":\"Aura - Aura fundaci\u00f3\",\"isPartOf\":{\"@id\":\"https:\\\/\\\/aurafundacio.org\\\/es\\\/#website\"},\"primaryImageOfPage\":{\"@id\":\"https:\\\/\\\/aurafundacio.org\\\/es\\\/quienes-somos\\\/#primaryimage\"},\"image\":{\"@id\":\"https:\\\/\\\/aurafundacio.org\\\/es\\\/quienes-somos\\\/#primaryimage\"},\"thumbnailUrl\":\"https:\\\/\\\/aurafundacio.org\\\/wp-content\\\/uploads\\\/2024\\\/11\\\/Ponencia-AURA-Seu-ONU-NYC-768x480.jpg\",\"datePublished\":\"2022-09-02T06:53:17+00:00\",\"dateModified\":\"2026-02-23T09:28:04+00:00\",\"breadcrumb\":{\"@id\":\"https:\\\/\\\/aurafundacio.org\\\/es\\\/quienes-somos\\\/#breadcrumb\"},\"inLanguage\":\"es\",\"potentialAction\":[{\"@type\":\"ReadAction\",\"target\":[\"https:\\\/\\\/aurafundacio.org\\\/es\\\/quienes-somos\\\/\"]}]},{\"@type\":\"ImageObject\",\"inLanguage\":\"es\",\"@id\":\"https:\\\/\\\/aurafundacio.org\\\/es\\\/quienes-somos\\\/#primaryimage\",\"url\":\"https:\\\/\\\/aurafundacio.org\\\/wp-content\\\/uploads\\\/2024\\\/11\\\/Ponencia-AURA-Seu-ONU-NYC-768x480.jpg\",\"contentUrl\":\"https:\\\/\\\/aurafundacio.org\\\/wp-content\\\/uploads\\\/2024\\\/11\\\/Ponencia-AURA-Seu-ONU-NYC-768x480.jpg\"},{\"@type\":\"BreadcrumbList\",\"@id\":\"https:\\\/\\\/aurafundacio.org\\\/es\\\/quienes-somos\\\/#breadcrumb\",\"itemListElement\":[{\"@type\":\"ListItem\",\"position\":1,\"name\":\"Home\",\"item\":\"https:\\\/\\\/aurafundacio.org\\\/es\\\/hombre\\\/\"},{\"@type\":\"ListItem\",\"position\":2,\"name\":\"Aura\"}]},{\"@type\":\"WebSite\",\"@id\":\"https:\\\/\\\/aurafundacio.org\\\/es\\\/#website\",\"url\":\"https:\\\/\\\/aurafundacio.org\\\/es\\\/\",\"name\":\"Aura fundaci\u00f3\",\"description\":\"Serveis per a la inclusi\u00f3 social i laboral de persones amb discapacitat intel\u00b7lectual.\",\"publisher\":{\"@id\":\"https:\\\/\\\/aurafundacio.org\\\/es\\\/#organization\"},\"potentialAction\":[{\"@type\":\"SearchAction\",\"target\":{\"@type\":\"EntryPoint\",\"urlTemplate\":\"https:\\\/\\\/aurafundacio.org\\\/es\\\/?s={search_term_string}\"},\"query-input\":{\"@type\":\"PropertyValueSpecification\",\"valueRequired\":true,\"valueName\":\"search_term_string\"}}],\"inLanguage\":\"es\"},{\"@type\":\"Organization\",\"@id\":\"https:\\\/\\\/aurafundacio.org\\\/es\\\/#organization\",\"name\":\"Aura fundaci\u00f3\",\"url\":\"https:\\\/\\\/aurafundacio.org\\\/es\\\/\",\"logo\":{\"@type\":\"ImageObject\",\"inLanguage\":\"es\",\"@id\":\"https:\\\/\\\/aurafundacio.org\\\/es\\\/#\\\/schema\\\/logo\\\/image\\\/\",\"url\":\"https:\\\/\\\/aurafundacio.org\\\/wp-content\\\/uploads\\\/2026\\\/01\\\/LOGO-WEB-2-4.png\",\"contentUrl\":\"https:\\\/\\\/aurafundacio.org\\\/wp-content\\\/uploads\\\/2026\\\/01\\\/LOGO-WEB-2-4.png\",\"width\":130,\"height\":200,\"caption\":\"Aura fundaci\u00f3\"},\"image\":{\"@id\":\"https:\\\/\\\/aurafundacio.org\\\/es\\\/#\\\/schema\\\/logo\\\/image\\\/\"}}]}<\/script>\n<!-- \/ Yoast SEO plugin. -->","yoast_head_json":{"title":"Aura - Aura fundaci\u00f3","robots":{"index":"index","follow":"follow","max-snippet":"max-snippet:-1","max-image-preview":"max-image-preview:large","max-video-preview":"max-video-preview:-1"},"canonical":"https:\/\/aurafundacio.org\/es\/quienes-somos\/","og_locale":"es_ES","og_type":"article","og_title":"Aura - Aura fundaci\u00f3","og_description":"NUESTRA MISI\u00d3N desde 1989 es mejorar la calidad de vida de personas con discapacidad intelectual mediante su inclusi\u00f3n social y laboral, siguiendo la metodolog\u00eda \u201cVida y Empleo con Apoyo\u201d. NUESTRA VISI\u00d3N impulsa la creaci\u00f3n de una sociedad inclusiva y equitativa donde todas las personas con discapacidad intelectual sean reconocidas por su valor \u00fanico, disfruten de [&hellip;]","og_url":"https:\/\/aurafundacio.org\/es\/quienes-somos\/","og_site_name":"Aura fundaci\u00f3","article_modified_time":"2026-02-23T09:28:04+00:00","og_image":[{"width":2560,"height":1600,"url":"https:\/\/aurafundacio.org\/wp-content\/uploads\/2024\/11\/Ponencia-AURA-Seu-ONU-NYC-scaled.jpg","type":"image\/jpeg"}],"twitter_card":"summary_large_image","twitter_misc":{"Tiempo de lectura":"4 minutos"},"schema":{"@context":"https:\/\/schema.org","@graph":[{"@type":"WebPage","@id":"https:\/\/aurafundacio.org\/es\/quienes-somos\/","url":"https:\/\/aurafundacio.org\/es\/quienes-somos\/","name":"Aura - Aura fundaci\u00f3","isPartOf":{"@id":"https:\/\/aurafundacio.org\/es\/#website"},"primaryImageOfPage":{"@id":"https:\/\/aurafundacio.org\/es\/quienes-somos\/#primaryimage"},"image":{"@id":"https:\/\/aurafundacio.org\/es\/quienes-somos\/#primaryimage"},"thumbnailUrl":"https:\/\/aurafundacio.org\/wp-content\/uploads\/2024\/11\/Ponencia-AURA-Seu-ONU-NYC-768x480.jpg","datePublished":"2022-09-02T06:53:17+00:00","dateModified":"2026-02-23T09:28:04+00:00","breadcrumb":{"@id":"https:\/\/aurafundacio.org\/es\/quienes-somos\/#breadcrumb"},"inLanguage":"es","potentialAction":[{"@type":"ReadAction","target":["https:\/\/aurafundacio.org\/es\/quienes-somos\/"]}]},{"@type":"ImageObject","inLanguage":"es","@id":"https:\/\/aurafundacio.org\/es\/quienes-somos\/#primaryimage","url":"https:\/\/aurafundacio.org\/wp-content\/uploads\/2024\/11\/Ponencia-AURA-Seu-ONU-NYC-768x480.jpg","contentUrl":"https:\/\/aurafundacio.org\/wp-content\/uploads\/2024\/11\/Ponencia-AURA-Seu-ONU-NYC-768x480.jpg"},{"@type":"BreadcrumbList","@id":"https:\/\/aurafundacio.org\/es\/quienes-somos\/#breadcrumb","itemListElement":[{"@type":"ListItem","position":1,"name":"Home","item":"https:\/\/aurafundacio.org\/es\/hombre\/"},{"@type":"ListItem","position":2,"name":"Aura"}]},{"@type":"WebSite","@id":"https:\/\/aurafundacio.org\/es\/#website","url":"https:\/\/aurafundacio.org\/es\/","name":"Aura fundaci\u00f3","description":"Serveis per a la inclusi\u00f3 social i laboral de persones amb discapacitat intel\u00b7lectual.","publisher":{"@id":"https:\/\/aurafundacio.org\/es\/#organization"},"potentialAction":[{"@type":"SearchAction","target":{"@type":"EntryPoint","urlTemplate":"https:\/\/aurafundacio.org\/es\/?s={search_term_string}"},"query-input":{"@type":"PropertyValueSpecification","valueRequired":true,"valueName":"search_term_string"}}],"inLanguage":"es"},{"@type":"Organization","@id":"https:\/\/aurafundacio.org\/es\/#organization","name":"Aura fundaci\u00f3","url":"https:\/\/aurafundacio.org\/es\/","logo":{"@type":"ImageObject","inLanguage":"es","@id":"https:\/\/aurafundacio.org\/es\/#\/schema\/logo\/image\/","url":"https:\/\/aurafundacio.org\/wp-content\/uploads\/2026\/01\/LOGO-WEB-2-4.png","contentUrl":"https:\/\/aurafundacio.org\/wp-content\/uploads\/2026\/01\/LOGO-WEB-2-4.png","width":130,"height":200,"caption":"Aura fundaci\u00f3"},"image":{"@id":"https:\/\/aurafundacio.org\/es\/#\/schema\/logo\/image\/"}}]}},"_links":{"self":[{"href":"https:\/\/aurafundacio.org\/es\/wp-json\/wp\/v2\/pages\/343","targetHints":{"allow":["GET"]}}],"collection":[{"href":"https:\/\/aurafundacio.org\/es\/wp-json\/wp\/v2\/pages"}],"about":[{"href":"https:\/\/aurafundacio.org\/es\/wp-json\/wp\/v2\/types\/page"}],"author":[{"embeddable":true,"href":"https:\/\/aurafundacio.org\/es\/wp-json\/wp\/v2\/users\/1"}],"replies":[{"embeddable":true,"href":"https:\/\/aurafundacio.org\/es\/wp-json\/wp\/v2\/comments?post=343"}],"version-history":[{"count":11,"href":"https:\/\/aurafundacio.org\/es\/wp-json\/wp\/v2\/pages\/343\/revisions"}],"predecessor-version":[{"id":5785,"href":"https:\/\/aurafundacio.org\/es\/wp-json\/wp\/v2\/pages\/343\/revisions\/5785"}],"wp:attachment":[{"href":"https:\/\/aurafundacio.org\/es\/wp-json\/wp\/v2\/media?parent=343"}],"curies":[{"name":"wp","href":"https:\/\/api.w.org\/{rel}","templated":true}]}}