{"id":5541,"date":"2026-01-20T11:49:07","date_gmt":"2026-01-20T11:49:07","guid":{"rendered":"https:\/\/aurafundacio.org\/gloria-canals\/"},"modified":"2026-01-21T08:38:10","modified_gmt":"2026-01-21T08:38:10","slug":"gloria-canals","status":"publish","type":"page","link":"https:\/\/aurafundacio.org\/en\/gloria-canals\/","title":{"rendered":"Gl\u00f2ria Canals"},"content":{"rendered":"\t\t<div data-elementor-type=\"wp-page\" data-elementor-id=\"5541\" class=\"elementor elementor-5541 elementor-5425\" data-elementor-post-type=\"page\">\n\t\t\t\t\t\t<section class=\"elementor-section elementor-top-section elementor-element elementor-element-e968791 elementor-section-boxed elementor-section-height-default elementor-section-height-default\" data-id=\"e968791\" data-element_type=\"section\" data-e-type=\"section\">\n\t\t\t\t\t\t<div class=\"elementor-container elementor-column-gap-default\">\n\t\t\t\t\t<div class=\"elementor-column elementor-col-50 elementor-top-column elementor-element elementor-element-708620c\" data-id=\"708620c\" data-element_type=\"column\" data-e-type=\"column\">\n\t\t\t<div class=\"elementor-widget-wrap elementor-element-populated\">\n\t\t\t\t\t\t<div class=\"elementor-element elementor-element-818dd3e elementor-widget elementor-widget-image\" data-id=\"818dd3e\" data-element_type=\"widget\" data-e-type=\"widget\" data-widget_type=\"image.default\">\n\t\t\t\t<div class=\"elementor-widget-container\">\n\t\t\t\t\t\t\t\t\t\t\t\t\t\t\t<img fetchpriority=\"high\" decoding=\"async\" width=\"800\" height=\"534\" src=\"https:\/\/aurafundacio.org\/wp-content\/uploads\/2026\/01\/GLORIA-CANALS-catalana-ilustre-1024x683.jpg\" class=\"attachment-large size-large wp-image-5456\" alt=\"\" srcset=\"https:\/\/aurafundacio.org\/wp-content\/uploads\/2026\/01\/GLORIA-CANALS-catalana-ilustre-1024x683.jpg 1024w, https:\/\/aurafundacio.org\/wp-content\/uploads\/2026\/01\/GLORIA-CANALS-catalana-ilustre-300x200.jpg 300w, https:\/\/aurafundacio.org\/wp-content\/uploads\/2026\/01\/GLORIA-CANALS-catalana-ilustre-768x512.jpg 768w, https:\/\/aurafundacio.org\/wp-content\/uploads\/2026\/01\/GLORIA-CANALS-catalana-ilustre-1536x1024.jpg 1536w, https:\/\/aurafundacio.org\/wp-content\/uploads\/2026\/01\/GLORIA-CANALS-catalana-ilustre-2048x1365.jpg 2048w\" sizes=\"(max-width: 800px) 100vw, 800px\" \/>\t\t\t\t\t\t\t\t\t\t\t\t\t\t\t<\/div>\n\t\t\t\t<\/div>\n\t\t\t\t<div class=\"elementor-element elementor-element-17b9e07 elementor-widget elementor-widget-image\" data-id=\"17b9e07\" data-element_type=\"widget\" data-e-type=\"widget\" data-widget_type=\"image.default\">\n\t\t\t\t<div class=\"elementor-widget-container\">\n\t\t\t\t\t\t\t\t\t\t\t\t\t\t\t<img decoding=\"async\" width=\"800\" height=\"534\" src=\"https:\/\/aurafundacio.org\/wp-content\/uploads\/2026\/01\/entrega-de-les-medalles-dhonor-de-la-ciutat_53367296462_o-1024x684.jpg\" class=\"attachment-large size-large wp-image-5459\" alt=\"\" srcset=\"https:\/\/aurafundacio.org\/wp-content\/uploads\/2026\/01\/entrega-de-les-medalles-dhonor-de-la-ciutat_53367296462_o-1024x684.jpg 1024w, https:\/\/aurafundacio.org\/wp-content\/uploads\/2026\/01\/entrega-de-les-medalles-dhonor-de-la-ciutat_53367296462_o-300x200.jpg 300w, https:\/\/aurafundacio.org\/wp-content\/uploads\/2026\/01\/entrega-de-les-medalles-dhonor-de-la-ciutat_53367296462_o-768x513.jpg 768w, https:\/\/aurafundacio.org\/wp-content\/uploads\/2026\/01\/entrega-de-les-medalles-dhonor-de-la-ciutat_53367296462_o-1536x1026.jpg 1536w, https:\/\/aurafundacio.org\/wp-content\/uploads\/2026\/01\/entrega-de-les-medalles-dhonor-de-la-ciutat_53367296462_o-2048x1368.jpg 2048w\" sizes=\"(max-width: 800px) 100vw, 800px\" \/>\t\t\t\t\t\t\t\t\t\t\t\t\t\t\t<\/div>\n\t\t\t\t<\/div>\n\t\t\t\t\t<\/div>\n\t\t<\/div>\n\t\t\t\t<div class=\"elementor-column elementor-col-50 elementor-top-column elementor-element elementor-element-abbcb06\" data-id=\"abbcb06\" data-element_type=\"column\" data-e-type=\"column\">\n\t\t\t<div class=\"elementor-widget-wrap elementor-element-populated\">\n\t\t\t\t\t\t<div class=\"elementor-element elementor-element-5a3892d elementor-widget elementor-widget-text-editor\" data-id=\"5a3892d\" data-element_type=\"widget\" data-e-type=\"widget\" data-widget_type=\"text-editor.default\">\n\t\t\t\t<div class=\"elementor-widget-container\">\n\t\t\t\t\t\t\t\t\t<p><strong>Gloria Canals, president of Aura Fundaci\u00f3 since 2019<\/strong> , has a degree in Clinical Psychology and Therapeutic Pedagogy from the University of Barcelona and Hospital Cl\u00ednic de Barcelona.<br> He has dedicated his life to making visible and normalizing the inclusion of people with intellectual disabilities in society.<\/p><p>In 1989, he promoted the <strong>first Supported Employment project for young people with intellectual disabilities in Catalonia,<\/strong> with the aim of offering a job alternative beyond traditional occupational centers.<\/p><div class=\"traductor-textarea form-group\"><div class=\"textarea-desti col-xs-12 col-sm-6\"><div class=\"form-control second-textarea\">As a pioneer in Spain and Europe, she introduced the &#8220;Supported Work&#8221; methodology and was one of the founders of the Spanish Association of Supported Work, which she chaired for six years. Her professional career began working with people with cerebral palsy and in one of the first inclusive schools of the 1980s, the Escola Verge de la Pau. When she observed that many of the people with intellectual disabilities who attended these schools could not continue in inclusive environments, she decided to create the AURA project. With a grant from the Department of Labor, she started this pilot project with eight people with Down syndrome.   <\/div><div> <\/div><div class=\"form-control second-textarea\">The AURA project <strong>demonstrated that, with the appropriate supports, people with intellectual disabilities who wished to do so could hold a job in an ordinary work environment.<\/strong><\/div><div class=\"form-control second-textarea\">She is a founding member of the European Union of Supported Employment (EUSE) and the Catalan Association of Supported Employment (ACTAS), which she chaired for 4 years. She is also vice-president of the Iberoamericana Down 21 Foundation. <\/div><div> <\/div><div class=\"form-control second-textarea\">He has given numerous lectures, both in Spain and abroad, and has directed and coordinated several congresses, courses, conferences and seminars.<\/div><div> <\/div><div class=\"form-control second-textarea\">In 2019 he participated as a speaker at the World Down Syndrome Day Congress at the UN headquarters in New York.<\/div><div> <\/div><div class=\"form-control second-textarea\">She is co-author of the book Project Aura: an experience of labor integration of young people with Down syndrome (Milan 1990) and author of several articles in technical journals on the labor integration of people with intellectual disabilities.<\/div><div class=\"form-control second-textarea\">It is worth noting that, in 2022, ONCE recognized his outstanding career, awarding him the <strong>ONCE Solidaris award<\/strong> for his valuable contribution to improving the quality of life of people with intellectual disabilities.<\/div><div> <\/div><div class=\"form-control second-textarea\">In 2024 she received the XVII Gaud\u00ed Gresol Award in the category of <strong>Illustrious Catalan<\/strong> , again in recognition of her work in favor of people with intellectual disabilities.<\/div><\/div><\/div>\t\t\t\t\t\t\t\t<\/div>\n\t\t\t\t<\/div>\n\t\t\t\t\t<\/div>\n\t\t<\/div>\n\t\t\t\t\t<\/div>\n\t\t<\/section>\n\t\t\t\t<\/div>\n\t\t","protected":false},"excerpt":{"rendered":"<p>Gloria Canals, president of Aura Fundaci\u00f3 since 2019 , has a degree in Clinical Psychology and Therapeutic Pedagogy from the University of Barcelona and Hospital Cl\u00ednic de Barcelona. He has dedicated his life to making visible and normalizing the inclusion of people with intellectual disabilities in society. In 1989, he promoted the first Supported Employment [&hellip;]<\/p>\n","protected":false},"author":1,"featured_media":0,"parent":0,"menu_order":0,"comment_status":"closed","ping_status":"closed","template":"","meta":{"footnotes":""},"class_list":["post-5541","page","type-page","status-publish","hentry"],"yoast_head":"<!-- This site is optimized with the Yoast SEO plugin v27.3 - https:\/\/yoast.com\/product\/yoast-seo-wordpress\/ -->\n<title>Gl\u00f2ria Canals - Aura Fundaci\u00f3<\/title>\n<meta name=\"robots\" content=\"index, follow, max-snippet:-1, max-image-preview:large, max-video-preview:-1\" \/>\n<link rel=\"canonical\" href=\"https:\/\/aurafundacio.org\/en\/gloria-canals\/\" \/>\n<meta property=\"og:locale\" content=\"en_US\" \/>\n<meta property=\"og:type\" content=\"article\" \/>\n<meta property=\"og:title\" content=\"Gl\u00f2ria Canals - Aura Fundaci\u00f3\" \/>\n<meta property=\"og:description\" content=\"Gloria Canals, president of Aura Fundaci\u00f3 since 2019 , has a degree in Clinical Psychology and Therapeutic Pedagogy from the University of Barcelona and Hospital Cl\u00ednic de Barcelona. He has dedicated his life to making visible and normalizing the inclusion of people with intellectual disabilities in society. In 1989, he promoted the first Supported Employment [&hellip;]\" \/>\n<meta property=\"og:url\" content=\"https:\/\/aurafundacio.org\/en\/gloria-canals\/\" \/>\n<meta property=\"og:site_name\" content=\"Aura Fundaci\u00f3\" \/>\n<meta property=\"article:modified_time\" content=\"2026-01-21T08:38:10+00:00\" \/>\n<meta property=\"og:image\" content=\"https:\/\/aurafundacio.org\/wp-content\/uploads\/2026\/01\/GLORIA-CANALS-catalana-ilustre-scaled.jpg\" \/>\n\t<meta property=\"og:image:width\" content=\"2560\" \/>\n\t<meta property=\"og:image:height\" content=\"1707\" \/>\n\t<meta property=\"og:image:type\" content=\"image\/jpeg\" \/>\n<meta name=\"twitter:card\" content=\"summary_large_image\" \/>\n<meta name=\"twitter:label1\" content=\"Est. reading time\" \/>\n\t<meta name=\"twitter:data1\" content=\"2 minutes\" \/>\n<script type=\"application\/ld+json\" class=\"yoast-schema-graph\">{\"@context\":\"https:\\\/\\\/schema.org\",\"@graph\":[{\"@type\":\"WebPage\",\"@id\":\"https:\\\/\\\/aurafundacio.org\\\/en\\\/gloria-canals\\\/\",\"url\":\"https:\\\/\\\/aurafundacio.org\\\/en\\\/gloria-canals\\\/\",\"name\":\"Gl\u00f2ria Canals - Aura Fundaci\u00f3\",\"isPartOf\":{\"@id\":\"https:\\\/\\\/aurafundacio.org\\\/en\\\/#website\"},\"primaryImageOfPage\":{\"@id\":\"https:\\\/\\\/aurafundacio.org\\\/en\\\/gloria-canals\\\/#primaryimage\"},\"image\":{\"@id\":\"https:\\\/\\\/aurafundacio.org\\\/en\\\/gloria-canals\\\/#primaryimage\"},\"thumbnailUrl\":\"https:\\\/\\\/aurafundacio.org\\\/wp-content\\\/uploads\\\/2026\\\/01\\\/GLORIA-CANALS-catalana-ilustre-1024x683.jpg\",\"datePublished\":\"2026-01-20T11:49:07+00:00\",\"dateModified\":\"2026-01-21T08:38:10+00:00\",\"breadcrumb\":{\"@id\":\"https:\\\/\\\/aurafundacio.org\\\/en\\\/gloria-canals\\\/#breadcrumb\"},\"inLanguage\":\"en-US\",\"potentialAction\":[{\"@type\":\"ReadAction\",\"target\":[\"https:\\\/\\\/aurafundacio.org\\\/en\\\/gloria-canals\\\/\"]}]},{\"@type\":\"ImageObject\",\"inLanguage\":\"en-US\",\"@id\":\"https:\\\/\\\/aurafundacio.org\\\/en\\\/gloria-canals\\\/#primaryimage\",\"url\":\"https:\\\/\\\/aurafundacio.org\\\/wp-content\\\/uploads\\\/2026\\\/01\\\/GLORIA-CANALS-catalana-ilustre-1024x683.jpg\",\"contentUrl\":\"https:\\\/\\\/aurafundacio.org\\\/wp-content\\\/uploads\\\/2026\\\/01\\\/GLORIA-CANALS-catalana-ilustre-1024x683.jpg\"},{\"@type\":\"BreadcrumbList\",\"@id\":\"https:\\\/\\\/aurafundacio.org\\\/en\\\/gloria-canals\\\/#breadcrumb\",\"itemListElement\":[{\"@type\":\"ListItem\",\"position\":1,\"name\":\"Home\",\"item\":\"https:\\\/\\\/aurafundacio.org\\\/en\\\/home\\\/\"},{\"@type\":\"ListItem\",\"position\":2,\"name\":\"Gl\u00f2ria Canals\"}]},{\"@type\":\"WebSite\",\"@id\":\"https:\\\/\\\/aurafundacio.org\\\/en\\\/#website\",\"url\":\"https:\\\/\\\/aurafundacio.org\\\/en\\\/\",\"name\":\"Aura Fundaci\u00f3\",\"description\":\"Talent amb Suport: Guanyem drets, sumemoportunitats\",\"publisher\":{\"@id\":\"https:\\\/\\\/aurafundacio.org\\\/en\\\/#organization\"},\"potentialAction\":[{\"@type\":\"SearchAction\",\"target\":{\"@type\":\"EntryPoint\",\"urlTemplate\":\"https:\\\/\\\/aurafundacio.org\\\/en\\\/?s={search_term_string}\"},\"query-input\":{\"@type\":\"PropertyValueSpecification\",\"valueRequired\":true,\"valueName\":\"search_term_string\"}}],\"inLanguage\":\"en-US\"},{\"@type\":\"Organization\",\"@id\":\"https:\\\/\\\/aurafundacio.org\\\/en\\\/#organization\",\"name\":\"Aura Fundaci\u00f3\",\"url\":\"https:\\\/\\\/aurafundacio.org\\\/en\\\/\",\"logo\":{\"@type\":\"ImageObject\",\"inLanguage\":\"en-US\",\"@id\":\"https:\\\/\\\/aurafundacio.org\\\/en\\\/#\\\/schema\\\/logo\\\/image\\\/\",\"url\":\"https:\\\/\\\/aurafundacio.org\\\/wp-content\\\/uploads\\\/2026\\\/01\\\/LOGO-WEB-3-4.png\",\"contentUrl\":\"https:\\\/\\\/aurafundacio.org\\\/wp-content\\\/uploads\\\/2026\\\/01\\\/LOGO-WEB-3-4.png\",\"width\":145,\"height\":200,\"caption\":\"Aura Fundaci\u00f3\"},\"image\":{\"@id\":\"https:\\\/\\\/aurafundacio.org\\\/en\\\/#\\\/schema\\\/logo\\\/image\\\/\"}}]}<\/script>\n<!-- \/ Yoast SEO plugin. -->","yoast_head_json":{"title":"Gl\u00f2ria Canals - Aura Fundaci\u00f3","robots":{"index":"index","follow":"follow","max-snippet":"max-snippet:-1","max-image-preview":"max-image-preview:large","max-video-preview":"max-video-preview:-1"},"canonical":"https:\/\/aurafundacio.org\/en\/gloria-canals\/","og_locale":"en_US","og_type":"article","og_title":"Gl\u00f2ria Canals - Aura Fundaci\u00f3","og_description":"Gloria Canals, president of Aura Fundaci\u00f3 since 2019 , has a degree in Clinical Psychology and Therapeutic Pedagogy from the University of Barcelona and Hospital Cl\u00ednic de Barcelona. He has dedicated his life to making visible and normalizing the inclusion of people with intellectual disabilities in society. In 1989, he promoted the first Supported Employment [&hellip;]","og_url":"https:\/\/aurafundacio.org\/en\/gloria-canals\/","og_site_name":"Aura Fundaci\u00f3","article_modified_time":"2026-01-21T08:38:10+00:00","og_image":[{"width":2560,"height":1707,"url":"https:\/\/aurafundacio.org\/wp-content\/uploads\/2026\/01\/GLORIA-CANALS-catalana-ilustre-scaled.jpg","type":"image\/jpeg"}],"twitter_card":"summary_large_image","twitter_misc":{"Est. reading time":"2 minutes"},"schema":{"@context":"https:\/\/schema.org","@graph":[{"@type":"WebPage","@id":"https:\/\/aurafundacio.org\/en\/gloria-canals\/","url":"https:\/\/aurafundacio.org\/en\/gloria-canals\/","name":"Gl\u00f2ria Canals - Aura Fundaci\u00f3","isPartOf":{"@id":"https:\/\/aurafundacio.org\/en\/#website"},"primaryImageOfPage":{"@id":"https:\/\/aurafundacio.org\/en\/gloria-canals\/#primaryimage"},"image":{"@id":"https:\/\/aurafundacio.org\/en\/gloria-canals\/#primaryimage"},"thumbnailUrl":"https:\/\/aurafundacio.org\/wp-content\/uploads\/2026\/01\/GLORIA-CANALS-catalana-ilustre-1024x683.jpg","datePublished":"2026-01-20T11:49:07+00:00","dateModified":"2026-01-21T08:38:10+00:00","breadcrumb":{"@id":"https:\/\/aurafundacio.org\/en\/gloria-canals\/#breadcrumb"},"inLanguage":"en-US","potentialAction":[{"@type":"ReadAction","target":["https:\/\/aurafundacio.org\/en\/gloria-canals\/"]}]},{"@type":"ImageObject","inLanguage":"en-US","@id":"https:\/\/aurafundacio.org\/en\/gloria-canals\/#primaryimage","url":"https:\/\/aurafundacio.org\/wp-content\/uploads\/2026\/01\/GLORIA-CANALS-catalana-ilustre-1024x683.jpg","contentUrl":"https:\/\/aurafundacio.org\/wp-content\/uploads\/2026\/01\/GLORIA-CANALS-catalana-ilustre-1024x683.jpg"},{"@type":"BreadcrumbList","@id":"https:\/\/aurafundacio.org\/en\/gloria-canals\/#breadcrumb","itemListElement":[{"@type":"ListItem","position":1,"name":"Home","item":"https:\/\/aurafundacio.org\/en\/home\/"},{"@type":"ListItem","position":2,"name":"Gl\u00f2ria Canals"}]},{"@type":"WebSite","@id":"https:\/\/aurafundacio.org\/en\/#website","url":"https:\/\/aurafundacio.org\/en\/","name":"Aura Fundaci\u00f3","description":"Talent amb Suport: Guanyem drets, sumemoportunitats","publisher":{"@id":"https:\/\/aurafundacio.org\/en\/#organization"},"potentialAction":[{"@type":"SearchAction","target":{"@type":"EntryPoint","urlTemplate":"https:\/\/aurafundacio.org\/en\/?s={search_term_string}"},"query-input":{"@type":"PropertyValueSpecification","valueRequired":true,"valueName":"search_term_string"}}],"inLanguage":"en-US"},{"@type":"Organization","@id":"https:\/\/aurafundacio.org\/en\/#organization","name":"Aura Fundaci\u00f3","url":"https:\/\/aurafundacio.org\/en\/","logo":{"@type":"ImageObject","inLanguage":"en-US","@id":"https:\/\/aurafundacio.org\/en\/#\/schema\/logo\/image\/","url":"https:\/\/aurafundacio.org\/wp-content\/uploads\/2026\/01\/LOGO-WEB-3-4.png","contentUrl":"https:\/\/aurafundacio.org\/wp-content\/uploads\/2026\/01\/LOGO-WEB-3-4.png","width":145,"height":200,"caption":"Aura Fundaci\u00f3"},"image":{"@id":"https:\/\/aurafundacio.org\/en\/#\/schema\/logo\/image\/"}}]}},"_links":{"self":[{"href":"https:\/\/aurafundacio.org\/en\/wp-json\/wp\/v2\/pages\/5541","targetHints":{"allow":["GET"]}}],"collection":[{"href":"https:\/\/aurafundacio.org\/en\/wp-json\/wp\/v2\/pages"}],"about":[{"href":"https:\/\/aurafundacio.org\/en\/wp-json\/wp\/v2\/types\/page"}],"author":[{"embeddable":true,"href":"https:\/\/aurafundacio.org\/en\/wp-json\/wp\/v2\/users\/1"}],"replies":[{"embeddable":true,"href":"https:\/\/aurafundacio.org\/en\/wp-json\/wp\/v2\/comments?post=5541"}],"version-history":[{"count":2,"href":"https:\/\/aurafundacio.org\/en\/wp-json\/wp\/v2\/pages\/5541\/revisions"}],"predecessor-version":[{"id":5546,"href":"https:\/\/aurafundacio.org\/en\/wp-json\/wp\/v2\/pages\/5541\/revisions\/5546"}],"wp:attachment":[{"href":"https:\/\/aurafundacio.org\/en\/wp-json\/wp\/v2\/media?parent=5541"}],"curies":[{"name":"wp","href":"https:\/\/api.w.org\/{rel}","templated":true}]}}